{"id":97,"date":"2022-01-06T13:32:44","date_gmt":"2022-01-06T13:32:44","guid":{"rendered":"https:\/\/localelections.eu\/?page_id=97"},"modified":"2022-01-11T08:28:58","modified_gmt":"2022-01-11T08:28:58","slug":"andorra","status":"publish","type":"page","link":"https:\/\/localelections.eu\/?page_id=97","title":{"rendered":"Andorra"},"content":{"rendered":"\n<p class=\"has-accent-color has-text-color\">Medir, L., Vilanova, P., &amp; Pano, E. (2022). Andorra: Local elections in quasi-federal institutions. In A. Gend\u017awi\u0142\u0142, U. Kjaer, &amp; K. Steyvers (Eds.), The Routledge Handbook of Local Elections and Voting in Europe (pp. 187-196). London: Routledge.<\/p>\n\n\n\n<ul class=\"wp-block-list\"><li>Region: Southeastern Europe<\/li><li>Local elections:<ul><li>03.12.1995<\/li><li>12.12.1999<\/li><li>14.12.2003<\/li><li>02.12.2007<\/li><li>04.12.2011<\/li><li>13.12.2015<\/li><li>15.12.2019<\/li><\/ul><\/li><li><a href=\"https:\/\/www.eleccions.ad\/normativa\">Electoral code<\/a><\/li><li>Electoral data:<ul><li><a href=\"https:\/\/www.eleccions.ad\/eleccions-anteriors\">Junta Electoral<\/a><\/li><\/ul><\/li><li>Country experts: <a href=\"mailto:lluismedir@ub.edu\" title=\"mailto:lluismedir@ub.edu\">Llu\u00eds Medir<\/a>, Pere Vilanova, Esther Pano<\/li><\/ul>\n\n\n\n<p><\/p>\n","protected":false},"excerpt":{"rendered":"<p>Medir, L., Vilanova, P., &amp; Pano, E. (2022). Andorra: Local elections in quasi-federal institutions. In A. Gend\u017awi\u0142\u0142, U. Kjaer, &amp; K. Steyvers (Eds.), The Routledge Handbook of Local Elections and Voting in Europe (pp. 187-196). London: Routledge. Region: Southeastern Europe Local elections: 03.12.1995 12.12.1999 14.12.2003 02.12.2007 04.12.2011 13.12.2015 15.12.2019 Electoral code Electoral data: Junta Electoral [&hellip;]<\/p>\n","protected":false},"author":1,"featured_media":0,"parent":31,"menu_order":0,"comment_status":"closed","ping_status":"closed","template":"","meta":{"_monsterinsights_skip_tracking":false,"_monsterinsights_sitenote_active":false,"_monsterinsights_sitenote_note":"","_monsterinsights_sitenote_category":0,"spay_email":"","footnotes":""},"class_list":["post-97","page","type-page","status-publish","hentry"],"_links":{"self":[{"href":"https:\/\/localelections.eu\/index.php?rest_route=\/wp\/v2\/pages\/97","targetHints":{"allow":["GET"]}}],"collection":[{"href":"https:\/\/localelections.eu\/index.php?rest_route=\/wp\/v2\/pages"}],"about":[{"href":"https:\/\/localelections.eu\/index.php?rest_route=\/wp\/v2\/types\/page"}],"author":[{"embeddable":true,"href":"https:\/\/localelections.eu\/index.php?rest_route=\/wp\/v2\/users\/1"}],"replies":[{"embeddable":true,"href":"https:\/\/localelections.eu\/index.php?rest_route=%2Fwp%2Fv2%2Fcomments&post=97"}],"version-history":[{"count":5,"href":"https:\/\/localelections.eu\/index.php?rest_route=\/wp\/v2\/pages\/97\/revisions"}],"predecessor-version":[{"id":259,"href":"https:\/\/localelections.eu\/index.php?rest_route=\/wp\/v2\/pages\/97\/revisions\/259"}],"up":[{"embeddable":true,"href":"https:\/\/localelections.eu\/index.php?rest_route=\/wp\/v2\/pages\/31"}],"wp:attachment":[{"href":"https:\/\/localelections.eu\/index.php?rest_route=%2Fwp%2Fv2%2Fmedia&parent=97"}],"curies":[{"name":"wp","href":"https:\/\/api.w.org\/{rel}","templated":true}]}}