{"id":92,"date":"2022-01-06T12:06:58","date_gmt":"2022-01-06T12:06:58","guid":{"rendered":"https:\/\/localelections.eu\/?page_id=92"},"modified":"2022-01-28T10:58:35","modified_gmt":"2022-01-28T10:58:35","slug":"albania","status":"publish","type":"page","link":"https:\/\/localelections.eu\/?page_id=92","title":{"rendered":"Albania"},"content":{"rendered":"\n<p class=\"has-accent-color has-text-color\">Feka, N., Wilson, I.F., &amp; and Dakoli Wilson, A. (2022). Albania: The path to decentralized democratic governance. In A. Gend\u017awi\u0142\u0142, U. Kjaer, &amp; K. Steyvers (Eds.), The Routledge Handbook of Local Elections and Voting in Europe (pp. 363-373). London: Routledge.<\/p>\n\n\n\n<ul class=\"wp-block-list\"><li>Region: Southeastern Europe<\/li><li>Local elections:<ul><li>26.07.1992<\/li><li>20.10.1996<\/li><li>01.10.2000<\/li><li>12.10.2003<\/li><li>18.02.2007<\/li><li>08.05.2011<\/li><li>21.06.2015<\/li><li>30.06.2019<\/li><\/ul><\/li><li><a href=\"http:\/\/cec.org.al\/wp-content\/uploads\/2018\/01\/ELECTORAL-CODE-2015-Text.pdf\">Electoral code<\/a><\/li><li>Electoral data:<ul><li><a href=\"http:\/\/kqz.gov.al\/zgjedhje-vendore\/?lang=en\">Central Election Commission<\/a><\/li><\/ul><\/li><li>Country experts: Naz Feka, Iain Frank Wilson, and <a href=\"mailto: alba.dakoli.wilson@flag-al.org\">Alba Dakoli Wilson<\/a><\/li><\/ul>\n\n\n\n<p><\/p>\n","protected":false},"excerpt":{"rendered":"<p>Feka, N., Wilson, I.F., &amp; and Dakoli Wilson, A. (2022). Albania: The path to decentralized democratic governance. In A. Gend\u017awi\u0142\u0142, U. Kjaer, &amp; K. Steyvers (Eds.), The Routledge Handbook of Local Elections and Voting in Europe (pp. 363-373). London: Routledge. Region: Southeastern Europe Local elections: 26.07.1992 20.10.1996 01.10.2000 12.10.2003 18.02.2007 08.05.2011 21.06.2015 30.06.2019 Electoral code [&hellip;]<\/p>\n","protected":false},"author":1,"featured_media":0,"parent":31,"menu_order":0,"comment_status":"closed","ping_status":"closed","template":"","meta":{"_monsterinsights_skip_tracking":false,"_monsterinsights_sitenote_active":false,"_monsterinsights_sitenote_note":"","_monsterinsights_sitenote_category":0,"spay_email":"","footnotes":""},"class_list":["post-92","page","type-page","status-publish","hentry"],"_links":{"self":[{"href":"https:\/\/localelections.eu\/index.php?rest_route=\/wp\/v2\/pages\/92","targetHints":{"allow":["GET"]}}],"collection":[{"href":"https:\/\/localelections.eu\/index.php?rest_route=\/wp\/v2\/pages"}],"about":[{"href":"https:\/\/localelections.eu\/index.php?rest_route=\/wp\/v2\/types\/page"}],"author":[{"embeddable":true,"href":"https:\/\/localelections.eu\/index.php?rest_route=\/wp\/v2\/users\/1"}],"replies":[{"embeddable":true,"href":"https:\/\/localelections.eu\/index.php?rest_route=%2Fwp%2Fv2%2Fcomments&post=92"}],"version-history":[{"count":4,"href":"https:\/\/localelections.eu\/index.php?rest_route=\/wp\/v2\/pages\/92\/revisions"}],"predecessor-version":[{"id":213,"href":"https:\/\/localelections.eu\/index.php?rest_route=\/wp\/v2\/pages\/92\/revisions\/213"}],"up":[{"embeddable":true,"href":"https:\/\/localelections.eu\/index.php?rest_route=\/wp\/v2\/pages\/31"}],"wp:attachment":[{"href":"https:\/\/localelections.eu\/index.php?rest_route=%2Fwp%2Fv2%2Fmedia&parent=92"}],"curies":[{"name":"wp","href":"https:\/\/api.w.org\/{rel}","templated":true}]}}