{"id":28,"date":"2021-11-17T18:05:38","date_gmt":"2021-11-17T18:05:38","guid":{"rendered":"https:\/\/localelections.eu\/?page_id=28"},"modified":"2022-01-30T15:14:42","modified_gmt":"2022-01-30T15:14:42","slug":"poland","status":"publish","type":"page","link":"https:\/\/localelections.eu\/?page_id=28","title":{"rendered":"Poland"},"content":{"rendered":"\n<p class=\"has-accent-color has-text-color\">Gend\u017awi\u0142\u0142, A. (2022). Poland: A hyperlocalized system? In A. Gend\u017awi\u0142\u0142, U. Kjaer, &amp; K. Steyvers (Eds.), The Routledge Handbook of Local Elections and Voting in Europe (pp. 327-336). London: Routledge.<\/p>\n\n\n\n<ul class=\"wp-block-list\"><li>Region: Central and Eastern Europe<\/li><li>Local elections:<ul><li>27.05.1990<\/li><li>19.06.1994<\/li><li>11.10.1998<\/li><li>27.10.2002<\/li><li>12.11.2006<\/li><li>21.11.2010<\/li><li>16.11.2014<\/li><li>21.10.2018<\/li><\/ul><\/li><li><a href=\"https:\/\/pkw.gov.pl\/prawo-wyborcze\/kodeks-wyborczy\" title=\"https:\/\/pkw.gov.pl\/prawo-wyborcze\/kodeks-wyborczy\">Electoral code<\/a><\/li><li>Electoral data:<ul><li>National Electoral Commission (PKW): <a href=\"https:\/\/wybory2018.pkw.gov.pl\/\" title=\"https:\/\/wybory2018.pkw.gov.pl\/\">2018<\/a>, <a href=\"https:\/\/samorzad2014.pkw.gov.pl\" title=\"https:\/\/samorzad2014.pkw.gov.pl\">2014<\/a>, <a href=\"https:\/\/wybory2010.pkw.gov.pl\" title=\"https:\/\/wybory2010.pkw.gov.pl\">2010<\/a>, <a href=\"https:\/\/wybory2006.pkw.gov.pl\" title=\"https:\/\/wybory2006.pkw.gov.pl\">2006<\/a>, <a href=\"https:\/\/wybory2002.pkw.gov.pl\" title=\"https:\/\/wybory2002.pkw.gov.pl\">2002<\/a>, <a href=\"https:\/\/pkw.gov.pl\/wybory-i-referenda\/wybory-samorzadowe-i-referenda-lokalne\/wybory-samorzadowe-w-1998ampnbspr\/wyniki-wyborow-do-rad-gmin-liczacych-do-20-tys-mieszkancow-w-podziale-na-obwody-i-kandydatow\" title=\"https:\/\/pkw.gov.pl\/wybory-i-referenda\/wybory-samorzadowe-i-referenda-lokalne\/wybory-samorzadowe-w-1998ampnbspr\/wyniki-wyborow-do-rad-gmin-liczacych-do-20-tys-mieszkancow-w-podziale-na-obwody-i-kandydatow\">1998 (partial)<\/a> <\/li><\/ul><\/li><li>Country expert: <a href=\"mailto: a.gendzwill@uw.edu.pl\" title=\"mailto: a.gendzwill@uw.edu.pl\">Adam Gend\u017awi\u0142\u0142<\/a><\/li><\/ul>\n\n\n\n<p><\/p>\n","protected":false},"excerpt":{"rendered":"<p>Gend\u017awi\u0142\u0142, A. (2022). Poland: A hyperlocalized system? In A. Gend\u017awi\u0142\u0142, U. Kjaer, &amp; K. Steyvers (Eds.), The Routledge Handbook of Local Elections and Voting in Europe (pp. 327-336). London: Routledge. Region: Central and Eastern Europe Local elections: 27.05.1990 19.06.1994 11.10.1998 27.10.2002 12.11.2006 21.11.2010 16.11.2014 21.10.2018 Electoral code Electoral data: National Electoral Commission (PKW): 2018, 2014, [&hellip;]<\/p>\n","protected":false},"author":1,"featured_media":0,"parent":31,"menu_order":0,"comment_status":"closed","ping_status":"closed","template":"","meta":{"_monsterinsights_skip_tracking":false,"_monsterinsights_sitenote_active":false,"_monsterinsights_sitenote_note":"","_monsterinsights_sitenote_category":0,"spay_email":"","footnotes":""},"class_list":["post-28","page","type-page","status-publish","hentry"],"_links":{"self":[{"href":"https:\/\/localelections.eu\/index.php?rest_route=\/wp\/v2\/pages\/28","targetHints":{"allow":["GET"]}}],"collection":[{"href":"https:\/\/localelections.eu\/index.php?rest_route=\/wp\/v2\/pages"}],"about":[{"href":"https:\/\/localelections.eu\/index.php?rest_route=\/wp\/v2\/types\/page"}],"author":[{"embeddable":true,"href":"https:\/\/localelections.eu\/index.php?rest_route=\/wp\/v2\/users\/1"}],"replies":[{"embeddable":true,"href":"https:\/\/localelections.eu\/index.php?rest_route=%2Fwp%2Fv2%2Fcomments&post=28"}],"version-history":[{"count":2,"href":"https:\/\/localelections.eu\/index.php?rest_route=\/wp\/v2\/pages\/28\/revisions"}],"predecessor-version":[{"id":211,"href":"https:\/\/localelections.eu\/index.php?rest_route=\/wp\/v2\/pages\/28\/revisions\/211"}],"up":[{"embeddable":true,"href":"https:\/\/localelections.eu\/index.php?rest_route=\/wp\/v2\/pages\/31"}],"wp:attachment":[{"href":"https:\/\/localelections.eu\/index.php?rest_route=%2Fwp%2Fv2%2Fmedia&parent=28"}],"curies":[{"name":"wp","href":"https:\/\/api.w.org\/{rel}","templated":true}]}}