{"id":194,"date":"2022-01-06T15:12:18","date_gmt":"2022-01-06T15:12:18","guid":{"rendered":"https:\/\/localelections.eu\/?page_id=194"},"modified":"2022-01-31T12:56:01","modified_gmt":"2022-01-31T12:56:01","slug":"ukraine","status":"publish","type":"page","link":"https:\/\/localelections.eu\/?page_id=194","title":{"rendered":"Ukraine"},"content":{"rendered":"\n<p class=\"has-accent-color has-text-color\">Romanova, V. (2022). Ukraine: The first experiences with voting in the amalgamated territorial communities. In A. Gend\u017awi\u0142\u0142, U. Kjaer, &amp; K. Steyvers (Eds.), The Routledge Handbook of Local Elections and Voting in Europe (pp. 347-359). London: Routledge.<\/p>\n\n\n\n<ul class=\"wp-block-list\"><li>Region: Central and Eastern Europe<\/li><li>Local elections:<ul><li>26.06.1994<\/li><li>29.03.1998<\/li><li>31.03.2002<\/li><li>26.03.2006<\/li><li>31.10.2010<\/li><li>25.10.2015<\/li><li>25.10.2020<\/li><\/ul><\/li><li><a href=\"https:\/\/zakon.rada.gov.ua\/laws\/show\/595-19#Text\" title=\"Electoral code\">Electoral code<\/a><\/li><li>Electoral data: <a href=\"https:\/\/www.cvk.gov.ua\/pls\/vm2015\/wm001.html\" title=\"2015\">2015<\/a>, <a href=\"https:\/\/www.cvk.gov.ua\/pls\/vm2020\/wm001.html\" title=\"2020\">2020<\/a><\/li><li>Country experts: <a href=\"mailto: v.romanova@ukma.edu.ua\" title=\"Valentyna Romanova\">Valentyna Romanova<\/a><\/li><\/ul>\n","protected":false},"excerpt":{"rendered":"<p>Romanova, V. (2022). Ukraine: The first experiences with voting in the amalgamated territorial communities. In A. Gend\u017awi\u0142\u0142, U. Kjaer, &amp; K. Steyvers (Eds.), The Routledge Handbook of Local Elections and Voting in Europe (pp. 347-359). London: Routledge. Region: Central and Eastern Europe Local elections: 26.06.1994 29.03.1998 31.03.2002 26.03.2006 31.10.2010 25.10.2015 25.10.2020 Electoral code Electoral data: [&hellip;]<\/p>\n","protected":false},"author":1,"featured_media":0,"parent":31,"menu_order":0,"comment_status":"closed","ping_status":"closed","template":"","meta":{"_monsterinsights_skip_tracking":false,"_monsterinsights_sitenote_active":false,"_monsterinsights_sitenote_note":"","_monsterinsights_sitenote_category":0,"spay_email":"","footnotes":""},"class_list":["post-194","page","type-page","status-publish","hentry"],"_links":{"self":[{"href":"https:\/\/localelections.eu\/index.php?rest_route=\/wp\/v2\/pages\/194","targetHints":{"allow":["GET"]}}],"collection":[{"href":"https:\/\/localelections.eu\/index.php?rest_route=\/wp\/v2\/pages"}],"about":[{"href":"https:\/\/localelections.eu\/index.php?rest_route=\/wp\/v2\/types\/page"}],"author":[{"embeddable":true,"href":"https:\/\/localelections.eu\/index.php?rest_route=\/wp\/v2\/users\/1"}],"replies":[{"embeddable":true,"href":"https:\/\/localelections.eu\/index.php?rest_route=%2Fwp%2Fv2%2Fcomments&post=194"}],"version-history":[{"count":4,"href":"https:\/\/localelections.eu\/index.php?rest_route=\/wp\/v2\/pages\/194\/revisions"}],"predecessor-version":[{"id":327,"href":"https:\/\/localelections.eu\/index.php?rest_route=\/wp\/v2\/pages\/194\/revisions\/327"}],"up":[{"embeddable":true,"href":"https:\/\/localelections.eu\/index.php?rest_route=\/wp\/v2\/pages\/31"}],"wp:attachment":[{"href":"https:\/\/localelections.eu\/index.php?rest_route=%2Fwp%2Fv2%2Fmedia&parent=194"}],"curies":[{"name":"wp","href":"https:\/\/api.w.org\/{rel}","templated":true}]}}