{"id":190,"date":"2022-01-06T15:11:29","date_gmt":"2022-01-06T15:11:29","guid":{"rendered":"https:\/\/localelections.eu\/?page_id=190"},"modified":"2022-01-31T12:11:54","modified_gmt":"2022-01-31T12:11:54","slug":"switzerland","status":"publish","type":"page","link":"https:\/\/localelections.eu\/?page_id=190","title":{"rendered":"Switzerland"},"content":{"rendered":"\n<p class=\"has-accent-color has-text-color\">Ladner, A. (2022). Switzerland: Low turnout but no second-order elections. In A. Gend\u017awi\u0142\u0142, U. Kjaer, &amp; K. Steyvers (Eds.), The Routledge Handbook of Local Elections and Voting in Europe (pp. 174-184). London: Routledge.<\/p>\n\n\n\n<ul class=\"wp-block-list\"><li>Region: The Rhinelandic States<\/li><li>Local elections: non-simultaneous<\/li><li>Electoral code:<br><em>The electoral legislation is dispersed and can be found in cantonal laws (cantonal constitutions, cantonal laws on municipalities, cantonal laws on political rights, voting and elections):<\/em><ul><li><a href=\"https:\/\/www.lexfind.ch\/fe\/de\/search\" title=\"LexFind (Legislation search engine)\">LexFind (Legislation search engine)<\/a><\/li><\/ul><\/li><li>Electoral data:<ul><li><a href=\"https:\/\/www.bfs.admin.ch\/bfs\/de\/home\/statistiken\/politik\/wahlen\/gemeindewahlen.html\" title=\"Swiss Federal Statistical Office\">Swiss Federal Statistical Office<\/a><br><em>Data only for selected larger municipalities<\/em><\/li><\/ul><\/li><li>Country expert: <a href=\"mailto:andreas.ladner@unil.ch\" title=\"Andreas Ladner\">Andreas Ladner<\/a><\/li><\/ul>\n","protected":false},"excerpt":{"rendered":"<p>Ladner, A. (2022). Switzerland: Low turnout but no second-order elections. In A. Gend\u017awi\u0142\u0142, U. Kjaer, &amp; K. Steyvers (Eds.), The Routledge Handbook of Local Elections and Voting in Europe (pp. 174-184). London: Routledge. Region: The Rhinelandic States Local elections: non-simultaneous Electoral code:The electoral legislation is dispersed and can be found in cantonal laws (cantonal constitutions, [&hellip;]<\/p>\n","protected":false},"author":1,"featured_media":0,"parent":31,"menu_order":0,"comment_status":"closed","ping_status":"closed","template":"","meta":{"_monsterinsights_skip_tracking":false,"_monsterinsights_sitenote_active":false,"_monsterinsights_sitenote_note":"","_monsterinsights_sitenote_category":0,"spay_email":"","footnotes":""},"class_list":["post-190","page","type-page","status-publish","hentry"],"_links":{"self":[{"href":"https:\/\/localelections.eu\/index.php?rest_route=\/wp\/v2\/pages\/190","targetHints":{"allow":["GET"]}}],"collection":[{"href":"https:\/\/localelections.eu\/index.php?rest_route=\/wp\/v2\/pages"}],"about":[{"href":"https:\/\/localelections.eu\/index.php?rest_route=\/wp\/v2\/types\/page"}],"author":[{"embeddable":true,"href":"https:\/\/localelections.eu\/index.php?rest_route=\/wp\/v2\/users\/1"}],"replies":[{"embeddable":true,"href":"https:\/\/localelections.eu\/index.php?rest_route=%2Fwp%2Fv2%2Fcomments&post=190"}],"version-history":[{"count":3,"href":"https:\/\/localelections.eu\/index.php?rest_route=\/wp\/v2\/pages\/190\/revisions"}],"predecessor-version":[{"id":316,"href":"https:\/\/localelections.eu\/index.php?rest_route=\/wp\/v2\/pages\/190\/revisions\/316"}],"up":[{"embeddable":true,"href":"https:\/\/localelections.eu\/index.php?rest_route=\/wp\/v2\/pages\/31"}],"wp:attachment":[{"href":"https:\/\/localelections.eu\/index.php?rest_route=%2Fwp%2Fv2%2Fmedia&parent=190"}],"curies":[{"name":"wp","href":"https:\/\/api.w.org\/{rel}","templated":true}]}}