{"id":188,"date":"2022-01-06T15:11:00","date_gmt":"2022-01-06T15:11:00","guid":{"rendered":"https:\/\/localelections.eu\/?page_id=188"},"modified":"2022-01-11T13:02:00","modified_gmt":"2022-01-11T13:02:00","slug":"sweden","status":"publish","type":"page","link":"https:\/\/localelections.eu\/?page_id=188","title":{"rendered":"Sweden"},"content":{"rendered":"\n<p class=\"has-accent-color has-text-color\">Lidstr\u00f6m, A. (2022). Sweden: Joint election day, party dominance, and extensive turnout. In A. Gend\u017awi\u0142\u0142, U. Kjaer, &amp; K. Steyvers (Eds.), The Routledge Handbook of Local Elections and Voting in Europe (pp. 62-70). London: Routledge.<\/p>\n\n\n\n<ul class=\"wp-block-list\"><li>Region: The Nordic States<\/li><li>Local elections:<ul><li>15.09.1991<\/li><li>18.09.1994<\/li><li>20.09.1998<\/li><li>15.09.2002<\/li><li>17.09.2006<\/li><li>19.09.2010<\/li><li>14.09.2014<\/li><li>09.09.2018<\/li><\/ul><\/li><li><a href=\"https:\/\/www.government.se\/49150c\/contentassets\/4e2fdee5a8e342e88289496d34701aec\/the-elections-act-2005837\">Electoral code<\/a><\/li><li>Electoral data:<ul><li><a href=\"https:\/\/www.val.se\/valresultat.html\">Swedish Election Authority<\/a><\/li><li><a href=\"https:\/\/www.scb.se\/en\/finding-statistics\/statistics-by-subject-area\/democracy\/general-elections\/general-elections-results\/pong\/statistical-news\/general-elections-election-results\/\">Statistics Sweden<\/a><\/li><\/ul><\/li><li>Country expert: <a href=\"anders.lidstrom@umu.se\">Anders Lidstr\u00f6m<\/a><\/li><\/ul>\n","protected":false},"excerpt":{"rendered":"<p>Lidstr\u00f6m, A. (2022). Sweden: Joint election day, party dominance, and extensive turnout. In A. Gend\u017awi\u0142\u0142, U. Kjaer, &amp; K. Steyvers (Eds.), The Routledge Handbook of Local Elections and Voting in Europe (pp. 62-70). London: Routledge. Region: The Nordic States Local elections: 15.09.1991 18.09.1994 20.09.1998 15.09.2002 17.09.2006 19.09.2010 14.09.2014 09.09.2018 Electoral code Electoral data: Swedish Election [&hellip;]<\/p>\n","protected":false},"author":1,"featured_media":0,"parent":31,"menu_order":0,"comment_status":"closed","ping_status":"closed","template":"","meta":{"_monsterinsights_skip_tracking":false,"_monsterinsights_sitenote_active":false,"_monsterinsights_sitenote_note":"","_monsterinsights_sitenote_category":0,"spay_email":"","footnotes":""},"class_list":["post-188","page","type-page","status-publish","hentry"],"_links":{"self":[{"href":"https:\/\/localelections.eu\/index.php?rest_route=\/wp\/v2\/pages\/188","targetHints":{"allow":["GET"]}}],"collection":[{"href":"https:\/\/localelections.eu\/index.php?rest_route=\/wp\/v2\/pages"}],"about":[{"href":"https:\/\/localelections.eu\/index.php?rest_route=\/wp\/v2\/types\/page"}],"author":[{"embeddable":true,"href":"https:\/\/localelections.eu\/index.php?rest_route=\/wp\/v2\/users\/1"}],"replies":[{"embeddable":true,"href":"https:\/\/localelections.eu\/index.php?rest_route=%2Fwp%2Fv2%2Fcomments&post=188"}],"version-history":[{"count":2,"href":"https:\/\/localelections.eu\/index.php?rest_route=\/wp\/v2\/pages\/188\/revisions"}],"predecessor-version":[{"id":217,"href":"https:\/\/localelections.eu\/index.php?rest_route=\/wp\/v2\/pages\/188\/revisions\/217"}],"up":[{"embeddable":true,"href":"https:\/\/localelections.eu\/index.php?rest_route=\/wp\/v2\/pages\/31"}],"wp:attachment":[{"href":"https:\/\/localelections.eu\/index.php?rest_route=%2Fwp%2Fv2%2Fmedia&parent=188"}],"curies":[{"name":"wp","href":"https:\/\/api.w.org\/{rel}","templated":true}]}}