{"id":184,"date":"2022-01-06T15:08:25","date_gmt":"2022-01-06T15:08:25","guid":{"rendered":"https:\/\/localelections.eu\/?page_id=184"},"modified":"2022-01-30T14:48:54","modified_gmt":"2022-01-30T14:48:54","slug":"spain","status":"publish","type":"page","link":"https:\/\/localelections.eu\/?page_id=184","title":{"rendered":"Spain"},"content":{"rendered":"\n<p class=\"has-accent-color has-text-color\">Navarro, C., Medir, L., &amp; Magre, J. (2022). Spain: One main system to govern them all? Stable institutions in heterogeneous contexts. In A. Gend\u017awi\u0142\u0142, U. Kjaer, &amp; K. Steyvers (Eds.), The Routledge Handbook of Local Elections and Voting in Europe (pp. 258-268). London: Routledge.<\/p>\n\n\n\n<ul class=\"wp-block-list\"><li>Region: Southern Europe<\/li><li>Local elections:<ul><li>26.05.1991<\/li><li>28.05.1995<\/li><li>13.06.1999<\/li><li>25.05.2003<\/li><li>27.05.2007<\/li><li>22.05.2011<\/li><li>24.05.2015<\/li><li>26.05.2019<\/li><\/ul><\/li><li><a href=\"https:\/\/www.boe.es\/buscar\/pdf\/1985\/BOE-A-1985-11672-consolidado.pdf\" title=\"Electoral code\">Electoral code<\/a><\/li><li>Electoral data:<ul><li><a href=\"http:\/\/www.infoelectoral.mir.es\/infoelectoral\/min\/home.html\" title=\"Ministry of Interior\">Ministry of Interior<\/a><\/li><\/ul><\/li><li>Country experts: <a href=\"mailto: c.navarro@uam.es\" title=\"Carmen Navarro\">Carmen Navarro<\/a>, Llu\u00eds Medir, Jaume Magre<\/li><\/ul>\n","protected":false},"excerpt":{"rendered":"<p>Navarro, C., Medir, L., &amp; Magre, J. (2022). Spain: One main system to govern them all? Stable institutions in heterogeneous contexts. In A. Gend\u017awi\u0142\u0142, U. Kjaer, &amp; K. Steyvers (Eds.), The Routledge Handbook of Local Elections and Voting in Europe (pp. 258-268). London: Routledge. Region: Southern Europe Local elections: 26.05.1991 28.05.1995 13.06.1999 25.05.2003 27.05.2007 22.05.2011 [&hellip;]<\/p>\n","protected":false},"author":1,"featured_media":0,"parent":31,"menu_order":0,"comment_status":"closed","ping_status":"closed","template":"","meta":{"_monsterinsights_skip_tracking":false,"_monsterinsights_sitenote_active":false,"_monsterinsights_sitenote_note":"","_monsterinsights_sitenote_category":0,"spay_email":"","footnotes":""},"class_list":["post-184","page","type-page","status-publish","hentry"],"_links":{"self":[{"href":"https:\/\/localelections.eu\/index.php?rest_route=\/wp\/v2\/pages\/184","targetHints":{"allow":["GET"]}}],"collection":[{"href":"https:\/\/localelections.eu\/index.php?rest_route=\/wp\/v2\/pages"}],"about":[{"href":"https:\/\/localelections.eu\/index.php?rest_route=\/wp\/v2\/types\/page"}],"author":[{"embeddable":true,"href":"https:\/\/localelections.eu\/index.php?rest_route=\/wp\/v2\/users\/1"}],"replies":[{"embeddable":true,"href":"https:\/\/localelections.eu\/index.php?rest_route=%2Fwp%2Fv2%2Fcomments&post=184"}],"version-history":[{"count":3,"href":"https:\/\/localelections.eu\/index.php?rest_route=\/wp\/v2\/pages\/184\/revisions"}],"predecessor-version":[{"id":287,"href":"https:\/\/localelections.eu\/index.php?rest_route=\/wp\/v2\/pages\/184\/revisions\/287"}],"up":[{"embeddable":true,"href":"https:\/\/localelections.eu\/index.php?rest_route=\/wp\/v2\/pages\/31"}],"wp:attachment":[{"href":"https:\/\/localelections.eu\/index.php?rest_route=%2Fwp%2Fv2%2Fmedia&parent=184"}],"curies":[{"name":"wp","href":"https:\/\/api.w.org\/{rel}","templated":true}]}}