{"id":182,"date":"2022-01-06T15:08:11","date_gmt":"2022-01-06T15:08:11","guid":{"rendered":"https:\/\/localelections.eu\/?page_id=182"},"modified":"2022-01-28T11:27:43","modified_gmt":"2022-01-28T11:27:43","slug":"slovenia","status":"publish","type":"page","link":"https:\/\/localelections.eu\/?page_id=182","title":{"rendered":"Slovenia"},"content":{"rendered":"\n<p class=\"has-accent-color has-text-color\">Kukovi\u010d, S., &amp; Ha\u010dek, M. (2022). Slovenia: Where strong, nonpartisan mayors are reelected many times over. In A. Gend\u017awi\u0142\u0142, U. Kjaer, &amp; K. Steyvers (Eds.), The Routledge Handbook of Local Elections and Voting in Europe (pp. 476-486). London: Routledge.<\/p>\n\n\n\n<ul class=\"wp-block-list\"><li>Region: Southeastern Europe<\/li><li>Local elections:<ul><li>04.12.1994<\/li><li>22.11.1998<\/li><li>10.11.2002<\/li><li>22.10.2006<\/li><li>10.10.2010<\/li><li>05.10.2014<\/li><li>18.11.2018<\/li><\/ul><\/li><li><a href=\"http:\/\/www.pisrs.si\/Pis.web\/pregledPredpisa?id=ZAKO308\" title=\"Electoral code\">Electoral code<\/a><\/li><li>Electoral data:<ul><li><a href=\"https:\/\/www.dvk-rs.si\/index.php\/si\/arhiv-lokalne-volitve\" title=\"State Election Commission\">State Election Commission<\/a><\/li><\/ul><\/li><li>Country experts: <a href=\"mailto: Simona.Kukovic@fdv.uni-lj.si\" title=\"Simona Kukovi\u010d\">Simona Kukovi\u010d<\/a>, Miro Ha\u010dek<\/li><\/ul>\n","protected":false},"excerpt":{"rendered":"<p>Kukovi\u010d, S., &amp; Ha\u010dek, M. (2022). Slovenia: Where strong, nonpartisan mayors are reelected many times over. In A. Gend\u017awi\u0142\u0142, U. Kjaer, &amp; K. Steyvers (Eds.), The Routledge Handbook of Local Elections and Voting in Europe (pp. 476-486). London: Routledge. Region: Southeastern Europe Local elections: 04.12.1994 22.11.1998 10.11.2002 22.10.2006 10.10.2010 05.10.2014 18.11.2018 Electoral code Electoral data: [&hellip;]<\/p>\n","protected":false},"author":1,"featured_media":0,"parent":31,"menu_order":0,"comment_status":"closed","ping_status":"closed","template":"","meta":{"_monsterinsights_skip_tracking":false,"_monsterinsights_sitenote_active":false,"_monsterinsights_sitenote_note":"","_monsterinsights_sitenote_category":0,"spay_email":"","footnotes":""},"class_list":["post-182","page","type-page","status-publish","hentry"],"_links":{"self":[{"href":"https:\/\/localelections.eu\/index.php?rest_route=\/wp\/v2\/pages\/182","targetHints":{"allow":["GET"]}}],"collection":[{"href":"https:\/\/localelections.eu\/index.php?rest_route=\/wp\/v2\/pages"}],"about":[{"href":"https:\/\/localelections.eu\/index.php?rest_route=\/wp\/v2\/types\/page"}],"author":[{"embeddable":true,"href":"https:\/\/localelections.eu\/index.php?rest_route=\/wp\/v2\/users\/1"}],"replies":[{"embeddable":true,"href":"https:\/\/localelections.eu\/index.php?rest_route=%2Fwp%2Fv2%2Fcomments&post=182"}],"version-history":[{"count":3,"href":"https:\/\/localelections.eu\/index.php?rest_route=\/wp\/v2\/pages\/182\/revisions"}],"predecessor-version":[{"id":278,"href":"https:\/\/localelections.eu\/index.php?rest_route=\/wp\/v2\/pages\/182\/revisions\/278"}],"up":[{"embeddable":true,"href":"https:\/\/localelections.eu\/index.php?rest_route=\/wp\/v2\/pages\/31"}],"wp:attachment":[{"href":"https:\/\/localelections.eu\/index.php?rest_route=%2Fwp%2Fv2%2Fmedia&parent=182"}],"curies":[{"name":"wp","href":"https:\/\/api.w.org\/{rel}","templated":true}]}}