{"id":178,"date":"2022-01-06T15:07:38","date_gmt":"2022-01-06T15:07:38","guid":{"rendered":"https:\/\/localelections.eu\/?page_id=178"},"modified":"2022-01-28T11:23:49","modified_gmt":"2022-01-28T11:23:49","slug":"serbia","status":"publish","type":"page","link":"https:\/\/localelections.eu\/?page_id=178","title":{"rendered":"Serbia"},"content":{"rendered":"\n<p class=\"has-accent-color has-text-color\">Marinkovi\u0107, A., &amp; Gaji\u0107, N. (2022). Serbia: Three phases of local electoral politics after 1990. In A. Gend\u017awi\u0142\u0142, U. Kjaer, &amp; K. Steyvers (Eds.), The Routledge Handbook of Local Elections and Voting in Europe (pp. 465-475). London: Routledge.<\/p>\n\n\n\n<ul class=\"wp-block-list\"><li>Region: Southeastern Europe<\/li><li>Local elections:<ul><li>20.12.1992<\/li><li>03.11.1996<\/li><li>24.09.2000<\/li><li>19.09.2004<\/li><li>11.05.2008<\/li><li>06.05.2012<\/li><li>24.04.2016<\/li><\/ul><\/li><li><a href=\"https:\/\/www.rik.parlament.gov.rs\/extfile\/sr\/131\/4.%20Zakon%20o%20lokalnim%20izborima%20-%20nezvanicno%20preciscen%20tekst%20iz%202020.pdf\" title=\"Electoral code\">Electoral code<\/a><\/li><li>Electoral data:<ul><li><a href=\"https:\/\/www.stat.gov.rs\/sr-Cyrl\/oblasti\/izbori\/lokalni-izbori\" title=\"Statistical Office of the Republic of Serbia\">Statistical Office of the Republic of Serbia<\/a><\/li><\/ul><\/li><li>Country experts: <a href=\"mailto: Aleksandar.Marinkovic@skgo.org\" title=\"Aleksandar Marinkovi\u0107\">Aleksandar Marinkovi\u0107<\/a>, Novak Gaji\u0107<\/li><\/ul>\n","protected":false},"excerpt":{"rendered":"<p>Marinkovi\u0107, A., &amp; Gaji\u0107, N. (2022). Serbia: Three phases of local electoral politics after 1990. In A. Gend\u017awi\u0142\u0142, U. Kjaer, &amp; K. Steyvers (Eds.), The Routledge Handbook of Local Elections and Voting in Europe (pp. 465-475). London: Routledge. Region: Southeastern Europe Local elections: 20.12.1992 03.11.1996 24.09.2000 19.09.2004 11.05.2008 06.05.2012 24.04.2016 Electoral code Electoral data: Statistical [&hellip;]<\/p>\n","protected":false},"author":1,"featured_media":0,"parent":31,"menu_order":0,"comment_status":"closed","ping_status":"closed","template":"","meta":{"_monsterinsights_skip_tracking":false,"_monsterinsights_sitenote_active":false,"_monsterinsights_sitenote_note":"","_monsterinsights_sitenote_category":0,"spay_email":"","footnotes":""},"class_list":["post-178","page","type-page","status-publish","hentry"],"_links":{"self":[{"href":"https:\/\/localelections.eu\/index.php?rest_route=\/wp\/v2\/pages\/178","targetHints":{"allow":["GET"]}}],"collection":[{"href":"https:\/\/localelections.eu\/index.php?rest_route=\/wp\/v2\/pages"}],"about":[{"href":"https:\/\/localelections.eu\/index.php?rest_route=\/wp\/v2\/types\/page"}],"author":[{"embeddable":true,"href":"https:\/\/localelections.eu\/index.php?rest_route=\/wp\/v2\/users\/1"}],"replies":[{"embeddable":true,"href":"https:\/\/localelections.eu\/index.php?rest_route=%2Fwp%2Fv2%2Fcomments&post=178"}],"version-history":[{"count":4,"href":"https:\/\/localelections.eu\/index.php?rest_route=\/wp\/v2\/pages\/178\/revisions"}],"predecessor-version":[{"id":276,"href":"https:\/\/localelections.eu\/index.php?rest_route=\/wp\/v2\/pages\/178\/revisions\/276"}],"up":[{"embeddable":true,"href":"https:\/\/localelections.eu\/index.php?rest_route=\/wp\/v2\/pages\/31"}],"wp:attachment":[{"href":"https:\/\/localelections.eu\/index.php?rest_route=%2Fwp%2Fv2%2Fmedia&parent=178"}],"curies":[{"name":"wp","href":"https:\/\/api.w.org\/{rel}","templated":true}]}}