{"id":176,"date":"2022-01-06T15:07:19","date_gmt":"2022-01-06T15:07:19","guid":{"rendered":"https:\/\/localelections.eu\/?page_id=176"},"modified":"2022-01-31T12:48:29","modified_gmt":"2022-01-31T12:48:29","slug":"romania","status":"publish","type":"page","link":"https:\/\/localelections.eu\/?page_id=176","title":{"rendered":"Romania"},"content":{"rendered":"\n<p class=\"has-accent-color has-text-color\">St\u0103nu\u0219, C., &amp; Gheorghi\u021b\u0103, A. (2022). Romania: A case of national parties ruling local politics. In A. Gend\u017awi\u0142\u0142, U. Kjaer, &amp; K. Steyvers (Eds.), The Routledge Handbook of Local Elections and Voting in Europe (pp. 453-464). London: Routledge.<\/p>\n\n\n\n<ul class=\"wp-block-list\"><li>Region: Southeastern Europe<\/li><li>Local elections:<ul><li>09.02.1992<\/li><li>02.06.1996<\/li><li>04.06.2000<\/li><li>06.06.2004<\/li><li>01.06.2008<\/li><li>10.06.2012<\/li><li>05.06.2016<\/li><\/ul><\/li><li><a href=\"http:\/\/legislatie.just.ro\/Public\/DetaliiDocument\/223615\" title=\"Electoral code\">Electoral code<\/a><\/li><li>Electoral data:<ul><li><a href=\"http:\/\/alegeri.roaep.ro\/\" title=\"Permanent Electoral Authority (1996-2016)\">Permanent Electoral Authority (1996-2016)<\/a><\/li><\/ul><\/li><li>Country experts: <a href=\"mailto: cristina.stanus@ulbsibiu.ro\" title=\"Cristina St\u0103nu\u0219\">Cristina St\u0103nu\u0219<\/a>, Andrei Gheorghi\u021b\u0103<\/li><\/ul>\n","protected":false},"excerpt":{"rendered":"<p>St\u0103nu\u0219, C., &amp; Gheorghi\u021b\u0103, A. (2022). Romania: A case of national parties ruling local politics. In A. Gend\u017awi\u0142\u0142, U. Kjaer, &amp; K. Steyvers (Eds.), The Routledge Handbook of Local Elections and Voting in Europe (pp. 453-464). London: Routledge. Region: Southeastern Europe Local elections: 09.02.1992 02.06.1996 04.06.2000 06.06.2004 01.06.2008 10.06.2012 05.06.2016 Electoral code Electoral data: Permanent [&hellip;]<\/p>\n","protected":false},"author":1,"featured_media":0,"parent":31,"menu_order":0,"comment_status":"closed","ping_status":"closed","template":"","meta":{"_monsterinsights_skip_tracking":false,"_monsterinsights_sitenote_active":false,"_monsterinsights_sitenote_note":"","_monsterinsights_sitenote_category":0,"spay_email":"","footnotes":""},"class_list":["post-176","page","type-page","status-publish","hentry"],"_links":{"self":[{"href":"https:\/\/localelections.eu\/index.php?rest_route=\/wp\/v2\/pages\/176","targetHints":{"allow":["GET"]}}],"collection":[{"href":"https:\/\/localelections.eu\/index.php?rest_route=\/wp\/v2\/pages"}],"about":[{"href":"https:\/\/localelections.eu\/index.php?rest_route=\/wp\/v2\/types\/page"}],"author":[{"embeddable":true,"href":"https:\/\/localelections.eu\/index.php?rest_route=\/wp\/v2\/users\/1"}],"replies":[{"embeddable":true,"href":"https:\/\/localelections.eu\/index.php?rest_route=%2Fwp%2Fv2%2Fcomments&post=176"}],"version-history":[{"count":3,"href":"https:\/\/localelections.eu\/index.php?rest_route=\/wp\/v2\/pages\/176\/revisions"}],"predecessor-version":[{"id":324,"href":"https:\/\/localelections.eu\/index.php?rest_route=\/wp\/v2\/pages\/176\/revisions\/324"}],"up":[{"embeddable":true,"href":"https:\/\/localelections.eu\/index.php?rest_route=\/wp\/v2\/pages\/31"}],"wp:attachment":[{"href":"https:\/\/localelections.eu\/index.php?rest_route=%2Fwp%2Fv2%2Fmedia&parent=176"}],"curies":[{"name":"wp","href":"https:\/\/api.w.org\/{rel}","templated":true}]}}