{"id":172,"date":"2022-01-06T15:06:40","date_gmt":"2022-01-06T15:06:40","guid":{"rendered":"https:\/\/localelections.eu\/?page_id=172"},"modified":"2022-01-11T12:53:45","modified_gmt":"2022-01-11T12:53:45","slug":"norway","status":"publish","type":"page","link":"https:\/\/localelections.eu\/?page_id=172","title":{"rendered":"Norway"},"content":{"rendered":"\n<p class=\"has-accent-color has-text-color\">Saglie, J., &amp; Segaard, S.B. (2022). Norway: Local democracy by trial (and error). In A. Gend\u017awi\u0142\u0142, U. Kjaer, &amp; K. Steyvers (Eds.), The Routledge Handbook of Local Elections and Voting in Europe (pp. 51-61). London: Routledge.<\/p>\n\n\n\n<ul class=\"wp-block-list\"><li>Region: The Nordic States<\/li><li>Local elections:<ul><li>09.09.1991<\/li><li>11.09.1995<\/li><li>13.09.1999<\/li><li>15.09.2003<\/li><li>10.09.2007<\/li><li>12.09.2011<\/li><li>14.09.2015<\/li><li>09.09.2019<\/li><\/ul><\/li><li>Electoral code:<ul><li><a href=\"https:\/\/lovdata.no\/dokument\/NLE\/lov\/2002-06-28-57\">The Election Act<\/a><\/li><li><a href=\"https:\/\/lovdata.no\/dokument\/NL\/lov\/2018-06-22-83\">The Local Government Act<\/a><\/li><li><a href=\"https:\/\/www.regjeringen.no\/globalassets\/upload\/krd\/kampanjer\/valgportal\/regelverk\/act_politica_-parties_en_version_120207.pdf\">The Political Parties Act<\/a><\/li><\/ul><\/li><li>Electoral data:<ul><li><a href=\"https:\/\/www.valg.no\/en\/elections2\/elections-in-norway\/valgdata-og-historikk\/\">The Norwegian Directorate of Elections<\/a><\/li><li><a href=\"https:\/\/www.ssb.no\/en\/valg\/kommunestyre-og-fylkestingsvalg\">Statistics Norway<\/a><\/li><\/ul><\/li><li>Country expert: <a href=\"mailto: jo.saglie@samfunnsforskning.no\">Jo Saglie<\/a>, <a href=\"mailto: s.b.segaard@samfunnsforskning.no\">Signe Bock Segaard<\/a><\/li><\/ul>\n","protected":false},"excerpt":{"rendered":"<p>Saglie, J., &amp; Segaard, S.B. (2022). Norway: Local democracy by trial (and error). In A. Gend\u017awi\u0142\u0142, U. Kjaer, &amp; K. Steyvers (Eds.), The Routledge Handbook of Local Elections and Voting in Europe (pp. 51-61). London: Routledge. Region: The Nordic States Local elections: 09.09.1991 11.09.1995 13.09.1999 15.09.2003 10.09.2007 12.09.2011 14.09.2015 09.09.2019 Electoral code: The Election Act [&hellip;]<\/p>\n","protected":false},"author":1,"featured_media":0,"parent":31,"menu_order":0,"comment_status":"closed","ping_status":"closed","template":"","meta":{"_monsterinsights_skip_tracking":false,"_monsterinsights_sitenote_active":false,"_monsterinsights_sitenote_note":"","_monsterinsights_sitenote_category":0,"spay_email":"","footnotes":""},"class_list":["post-172","page","type-page","status-publish","hentry"],"_links":{"self":[{"href":"https:\/\/localelections.eu\/index.php?rest_route=\/wp\/v2\/pages\/172","targetHints":{"allow":["GET"]}}],"collection":[{"href":"https:\/\/localelections.eu\/index.php?rest_route=\/wp\/v2\/pages"}],"about":[{"href":"https:\/\/localelections.eu\/index.php?rest_route=\/wp\/v2\/types\/page"}],"author":[{"embeddable":true,"href":"https:\/\/localelections.eu\/index.php?rest_route=\/wp\/v2\/users\/1"}],"replies":[{"embeddable":true,"href":"https:\/\/localelections.eu\/index.php?rest_route=%2Fwp%2Fv2%2Fcomments&post=172"}],"version-history":[{"count":2,"href":"https:\/\/localelections.eu\/index.php?rest_route=\/wp\/v2\/pages\/172\/revisions"}],"predecessor-version":[{"id":215,"href":"https:\/\/localelections.eu\/index.php?rest_route=\/wp\/v2\/pages\/172\/revisions\/215"}],"up":[{"embeddable":true,"href":"https:\/\/localelections.eu\/index.php?rest_route=\/wp\/v2\/pages\/31"}],"wp:attachment":[{"href":"https:\/\/localelections.eu\/index.php?rest_route=%2Fwp%2Fv2%2Fmedia&parent=172"}],"curies":[{"name":"wp","href":"https:\/\/api.w.org\/{rel}","templated":true}]}}