{"id":168,"date":"2022-01-06T15:05:24","date_gmt":"2022-01-06T15:05:24","guid":{"rendered":"https:\/\/localelections.eu\/?page_id=168"},"modified":"2022-01-28T11:04:04","modified_gmt":"2022-01-28T11:04:04","slug":"north-macedonia","status":"publish","type":"page","link":"https:\/\/localelections.eu\/?page_id=168","title":{"rendered":"North Macedonia"},"content":{"rendered":"\n<p class=\"has-accent-color has-text-color\">Kreci, V., &amp; Jusufi, I. (2022). North Macedonia: Local elections and the parliamentary political dynamics. In A. Gend\u017awi\u0142\u0142, U. Kjaer, &amp; K. Steyvers (Eds.), The Routledge Handbook of Local Elections and Voting in Europe (pp. 441-452). London: Routledge.<\/p>\n\n\n\n<ul class=\"wp-block-list\"><li>Region: Southeastern Europe<\/li><li>Local elections:<ul><li>17.11.1996<\/li><li>10.09.2000<\/li><li>13.03.2005<\/li><li>22.03.2009<\/li><li>24.03.2013<\/li><li>15.10.2017<\/li><\/ul><\/li><li><a href=\"https:\/\/www.sec.mk\/regulativa\/#izboren-zakonik\" title=\"Electoral code\">Electoral code<\/a><\/li><li>Electoral data:<ul><li><a href=\"https:\/\/izbornaarhiva.mk\/\" title=\"Izborna Arhiva\">Izborna Arhiva<\/a><\/li><\/ul><\/li><li>Country experts: <a href=\"mailto: v.kreci@seeu.edu.mk\" title=\"Veli Kreci\">Veli Kreci<\/a>, Islam Jusufi<\/li><\/ul>\n","protected":false},"excerpt":{"rendered":"<p>Kreci, V., &amp; Jusufi, I. (2022). North Macedonia: Local elections and the parliamentary political dynamics. In A. Gend\u017awi\u0142\u0142, U. Kjaer, &amp; K. Steyvers (Eds.), The Routledge Handbook of Local Elections and Voting in Europe (pp. 441-452). London: Routledge. Region: Southeastern Europe Local elections: 17.11.1996 10.09.2000 13.03.2005 22.03.2009 24.03.2013 15.10.2017 Electoral code Electoral data: Izborna Arhiva [&hellip;]<\/p>\n","protected":false},"author":1,"featured_media":0,"parent":31,"menu_order":0,"comment_status":"closed","ping_status":"closed","template":"","meta":{"_monsterinsights_skip_tracking":false,"_monsterinsights_sitenote_active":false,"_monsterinsights_sitenote_note":"","_monsterinsights_sitenote_category":0,"spay_email":"","footnotes":""},"class_list":["post-168","page","type-page","status-publish","hentry"],"_links":{"self":[{"href":"https:\/\/localelections.eu\/index.php?rest_route=\/wp\/v2\/pages\/168","targetHints":{"allow":["GET"]}}],"collection":[{"href":"https:\/\/localelections.eu\/index.php?rest_route=\/wp\/v2\/pages"}],"about":[{"href":"https:\/\/localelections.eu\/index.php?rest_route=\/wp\/v2\/types\/page"}],"author":[{"embeddable":true,"href":"https:\/\/localelections.eu\/index.php?rest_route=\/wp\/v2\/users\/1"}],"replies":[{"embeddable":true,"href":"https:\/\/localelections.eu\/index.php?rest_route=%2Fwp%2Fv2%2Fcomments&post=168"}],"version-history":[{"count":3,"href":"https:\/\/localelections.eu\/index.php?rest_route=\/wp\/v2\/pages\/168\/revisions"}],"predecessor-version":[{"id":270,"href":"https:\/\/localelections.eu\/index.php?rest_route=\/wp\/v2\/pages\/168\/revisions\/270"}],"up":[{"embeddable":true,"href":"https:\/\/localelections.eu\/index.php?rest_route=\/wp\/v2\/pages\/31"}],"wp:attachment":[{"href":"https:\/\/localelections.eu\/index.php?rest_route=%2Fwp%2Fv2%2Fmedia&parent=168"}],"curies":[{"name":"wp","href":"https:\/\/api.w.org\/{rel}","templated":true}]}}