{"id":162,"date":"2022-01-06T15:03:07","date_gmt":"2022-01-06T15:03:07","guid":{"rendered":"https:\/\/localelections.eu\/?page_id=162"},"modified":"2022-01-31T12:43:17","modified_gmt":"2022-01-31T12:43:17","slug":"moldova","status":"publish","type":"page","link":"https:\/\/localelections.eu\/?page_id=162","title":{"rendered":"Moldova"},"content":{"rendered":"\n<p class=\"has-accent-color has-text-color\">Beschieru, I. (2022). Moldova: Party-shifting mayors within a nationalized local party system. In A. Gend\u017awi\u0142\u0142, U. Kjaer, &amp; K. Steyvers (Eds.), The Routledge Handbook of Local Elections and Voting in Europe (pp. 419-429). London: Routledge.<\/p>\n\n\n\n<ul class=\"wp-block-list\"><li>Region: Southeastern Europe<\/li><li>Local elections:<ul><li>16.04.1995<\/li><li>23.05.1999<\/li><li>25.05.2003<\/li><li>03.06.2007<\/li><li>05.06.2011<\/li><li>14.06.2015<\/li><li>20.10.2019<\/li><\/ul><\/li><li><a href=\"https:\/\/a.cec.md\/storage\/ckfinder\/files\/cec-electoral-code-2019.pdf\" title=\"Electoral code\">Electoral code<\/a><\/li><li>Electoral data:<ul><li><a href=\"https:\/\/a.cec.md\/ro\/alegeri-si-referendumuri-2830.html\" title=\"Central Electoral Commission\">Central Electoral Commission<\/a><\/li><\/ul><\/li><li>Country experts: <a href=\"mailto: ionbeschieru@gmail.com\" title=\"Ion Beschieru\">Ion Beschieru<\/a><\/li><\/ul>\n","protected":false},"excerpt":{"rendered":"<p>Beschieru, I. (2022). Moldova: Party-shifting mayors within a nationalized local party system. In A. Gend\u017awi\u0142\u0142, U. Kjaer, &amp; K. Steyvers (Eds.), The Routledge Handbook of Local Elections and Voting in Europe (pp. 419-429). London: Routledge. Region: Southeastern Europe Local elections: 16.04.1995 23.05.1999 25.05.2003 03.06.2007 05.06.2011 14.06.2015 20.10.2019 Electoral code Electoral data: Central Electoral Commission Country [&hellip;]<\/p>\n","protected":false},"author":1,"featured_media":0,"parent":31,"menu_order":0,"comment_status":"closed","ping_status":"closed","template":"","meta":{"_monsterinsights_skip_tracking":false,"_monsterinsights_sitenote_active":false,"_monsterinsights_sitenote_note":"","_monsterinsights_sitenote_category":0,"spay_email":"","footnotes":""},"class_list":["post-162","page","type-page","status-publish","hentry"],"_links":{"self":[{"href":"https:\/\/localelections.eu\/index.php?rest_route=\/wp\/v2\/pages\/162","targetHints":{"allow":["GET"]}}],"collection":[{"href":"https:\/\/localelections.eu\/index.php?rest_route=\/wp\/v2\/pages"}],"about":[{"href":"https:\/\/localelections.eu\/index.php?rest_route=\/wp\/v2\/types\/page"}],"author":[{"embeddable":true,"href":"https:\/\/localelections.eu\/index.php?rest_route=\/wp\/v2\/users\/1"}],"replies":[{"embeddable":true,"href":"https:\/\/localelections.eu\/index.php?rest_route=%2Fwp%2Fv2%2Fcomments&post=162"}],"version-history":[{"count":3,"href":"https:\/\/localelections.eu\/index.php?rest_route=\/wp\/v2\/pages\/162\/revisions"}],"predecessor-version":[{"id":322,"href":"https:\/\/localelections.eu\/index.php?rest_route=\/wp\/v2\/pages\/162\/revisions\/322"}],"up":[{"embeddable":true,"href":"https:\/\/localelections.eu\/index.php?rest_route=\/wp\/v2\/pages\/31"}],"wp:attachment":[{"href":"https:\/\/localelections.eu\/index.php?rest_route=%2Fwp%2Fv2%2Fmedia&parent=162"}],"curies":[{"name":"wp","href":"https:\/\/api.w.org\/{rel}","templated":true}]}}