{"id":158,"date":"2022-01-06T15:00:52","date_gmt":"2022-01-06T15:00:52","guid":{"rendered":"https:\/\/localelections.eu\/?page_id=158"},"modified":"2022-01-31T11:30:55","modified_gmt":"2022-01-31T11:30:55","slug":"luxembourg","status":"publish","type":"page","link":"https:\/\/localelections.eu\/?page_id=158","title":{"rendered":"Luxembourg"},"content":{"rendered":"\n<p class=\"has-accent-color has-text-color\">Schmit, D., Kies, R., &amp; Dumont, P. (2022). Luxembourg: Toward a thinner relationship between local and national elections? In A. Gend\u017awi\u0142\u0142, U. Kjaer, &amp; K. Steyvers (Eds.), The Routledge Handbook of Local Elections and Voting in Europe (pp. 151-160). London: Routledge.<\/p>\n\n\n\n<ul class=\"wp-block-list\"><li>Region: The Rhinelandic States<\/li><li>Local elections:<ul><li>10.10.1993<\/li><li>10.10.1999<\/li><li>09.10.2005<\/li><li>09.10.2011<\/li><li>08.10.2017<\/li><\/ul><\/li><li><a href=\"http:\/\/data.legilux.public.lu\/file\/eli-etat-leg-recueil-elections-20180625-fr-pdf.pdf\" title=\"Electoral code\">Electoral code<\/a><\/li><li><a href=\"https:\/\/elections.public.lu\/fr\/elections-europeennes\/2019\/resultats-officiels.html\" title=\"Electoral data\">Electoral data<\/a><\/li><li>Country experts: Dan Schmit, <a href=\"mailto: raphael.kies@uni.lu\" title=\"Rapha\u00ebl Kies\">Rapha\u00ebl Kies<\/a> and Patrick Dumont<\/li><\/ul>\n","protected":false},"excerpt":{"rendered":"<p>Schmit, D., Kies, R., &amp; Dumont, P. (2022). Luxembourg: Toward a thinner relationship between local and national elections? In A. Gend\u017awi\u0142\u0142, U. Kjaer, &amp; K. Steyvers (Eds.), The Routledge Handbook of Local Elections and Voting in Europe (pp. 151-160). London: Routledge. Region: The Rhinelandic States Local elections: 10.10.1993 10.10.1999 09.10.2005 09.10.2011 08.10.2017 Electoral code Electoral [&hellip;]<\/p>\n","protected":false},"author":1,"featured_media":0,"parent":31,"menu_order":0,"comment_status":"closed","ping_status":"closed","template":"","meta":{"_monsterinsights_skip_tracking":false,"_monsterinsights_sitenote_active":false,"_monsterinsights_sitenote_note":"","_monsterinsights_sitenote_category":0,"spay_email":"","footnotes":""},"class_list":["post-158","page","type-page","status-publish","hentry"],"_links":{"self":[{"href":"https:\/\/localelections.eu\/index.php?rest_route=\/wp\/v2\/pages\/158","targetHints":{"allow":["GET"]}}],"collection":[{"href":"https:\/\/localelections.eu\/index.php?rest_route=\/wp\/v2\/pages"}],"about":[{"href":"https:\/\/localelections.eu\/index.php?rest_route=\/wp\/v2\/types\/page"}],"author":[{"embeddable":true,"href":"https:\/\/localelections.eu\/index.php?rest_route=\/wp\/v2\/users\/1"}],"replies":[{"embeddable":true,"href":"https:\/\/localelections.eu\/index.php?rest_route=%2Fwp%2Fv2%2Fcomments&post=158"}],"version-history":[{"count":3,"href":"https:\/\/localelections.eu\/index.php?rest_route=\/wp\/v2\/pages\/158\/revisions"}],"predecessor-version":[{"id":312,"href":"https:\/\/localelections.eu\/index.php?rest_route=\/wp\/v2\/pages\/158\/revisions\/312"}],"up":[{"embeddable":true,"href":"https:\/\/localelections.eu\/index.php?rest_route=\/wp\/v2\/pages\/31"}],"wp:attachment":[{"href":"https:\/\/localelections.eu\/index.php?rest_route=%2Fwp%2Fv2%2Fmedia&parent=158"}],"curies":[{"name":"wp","href":"https:\/\/api.w.org\/{rel}","templated":true}]}}