{"id":156,"date":"2022-01-06T14:15:00","date_gmt":"2022-01-06T14:15:00","guid":{"rendered":"https:\/\/localelections.eu\/?page_id=156"},"modified":"2022-01-30T15:57:53","modified_gmt":"2022-01-30T15:57:53","slug":"lithuania","status":"publish","type":"page","link":"https:\/\/localelections.eu\/?page_id=156","title":{"rendered":"Lithuania"},"content":{"rendered":"\n<p class=\"has-accent-color has-text-color\">Lazauskien\u0117, A., &amp; Bu\u010dait\u0117-Vilk\u0117, J. (2022). Lithuania: Between volatile electorate and revival of nonpartisanship. In A. Gend\u017awi\u0142\u0142, U. Kjaer, &amp; K. Steyvers (Eds.), The Routledge Handbook of Local Elections and Voting in Europe (pp. 316-326). London: Routledge.<\/p>\n\n\n\n<ul class=\"wp-block-list\"><li>Region: Central and Eastern Europe<\/li><li>Local elections:<ul><li>25.03.1995<\/li><li>23.03.1997<\/li><li>19.03.2000<\/li><li>22.12.2002<\/li><li>25.02.2007<\/li><li>27.02.2011<\/li><li>01.03.2015<\/li><li>03.03.2019<\/li><\/ul><\/li><li>Electoral code<ul><li><a href=\"https:\/\/e-seimas.lrs.lt\/portal\/legalAct\/lt\/TAD\/12cb608261a411e99684a7f33a9827ac?jfwid=15etom905h\" title=\"Law on Elections to Municipal Councils\">Law on Elections to Municipal Councils<\/a><\/li><\/ul><\/li><li>Electoral data: <a href=\"https:\/\/www.vrk.lt\/statiniai\/puslapiai\/rinkimai\/1995\/savivaldybes\/rezultatai\/rez_apg_sar_l_2.htm\" title=\"1995\">1995<\/a>, <a href=\"https:\/\/www.vrk.lt\/statiniai\/puslapiai\/n\/rinkimai\/19970323\/index.html\" title=\"1997\">1997<\/a>, <a href=\"https:\/\/www.vrk.lt\/2000-m.-savivaldybiu-tarybu-rinkimai\" title=\"2000\">2000<\/a>, <a href=\"https:\/\/www.vrk.lt\/statiniai\/puslapiai\/rinkimai\/2002\/savivaldybes\/index.html\" title=\"2002\">2002<\/a>, <a href=\"https:\/\/www.vrk.lt\/statiniai\/puslapiai\/2007_savivaldybiu_tarybu_rinkimai\/rinkimu_rezultatai.html\" title=\"2007\">2007<\/a>, <a href=\"https:\/\/www.vrk.lt\/statiniai\/puslapiai\/2011_savivaldybiu_tarybu_rinkimai\/output_lt\/rinkimu_diena\/index.html\" title=\"2011\">2011<\/a>, <a href=\"https:\/\/www.vrk.lt\/statiniai\/puslapiai\/2015_savivaldybiu_tarybu_rinkimai\/output_lt\/rinkimu_diena\/index.html\" title=\"2015\">2015<\/a>, <a href=\"https:\/\/www.vrk.lt\/2019-savivaldybiu-tarybu\/rezultatai\" title=\"2019\">2019<\/a><\/li><li>Country experts: <a href=\"mailto:aiste.lazauskiene@vdu.lt\" title=\"Aist\u0117 Lazauskien\u0117\">Aist\u0117 Lazauskien\u0117<\/a>, <a href=\"mailto: jurga.bucaite-vilke@vdu.lt\" title=\"Jurga Bu\u010dait\u0117-Vilk\u0117\">Jurga Bu\u010dait\u0117-Vilk\u0117<\/a><\/li><\/ul>\n","protected":false},"excerpt":{"rendered":"<p>Lazauskien\u0117, A., &amp; Bu\u010dait\u0117-Vilk\u0117, J. (2022). Lithuania: Between volatile electorate and revival of nonpartisanship. In A. Gend\u017awi\u0142\u0142, U. Kjaer, &amp; K. Steyvers (Eds.), The Routledge Handbook of Local Elections and Voting in Europe (pp. 316-326). London: Routledge. Region: Central and Eastern Europe Local elections: 25.03.1995 23.03.1997 19.03.2000 22.12.2002 25.02.2007 27.02.2011 01.03.2015 03.03.2019 Electoral code Law [&hellip;]<\/p>\n","protected":false},"author":1,"featured_media":0,"parent":31,"menu_order":0,"comment_status":"closed","ping_status":"closed","template":"","meta":{"_monsterinsights_skip_tracking":false,"_monsterinsights_sitenote_active":false,"_monsterinsights_sitenote_note":"","_monsterinsights_sitenote_category":0,"spay_email":"","footnotes":""},"class_list":["post-156","page","type-page","status-publish","hentry"],"_links":{"self":[{"href":"https:\/\/localelections.eu\/index.php?rest_route=\/wp\/v2\/pages\/156","targetHints":{"allow":["GET"]}}],"collection":[{"href":"https:\/\/localelections.eu\/index.php?rest_route=\/wp\/v2\/pages"}],"about":[{"href":"https:\/\/localelections.eu\/index.php?rest_route=\/wp\/v2\/types\/page"}],"author":[{"embeddable":true,"href":"https:\/\/localelections.eu\/index.php?rest_route=\/wp\/v2\/users\/1"}],"replies":[{"embeddable":true,"href":"https:\/\/localelections.eu\/index.php?rest_route=%2Fwp%2Fv2%2Fcomments&post=156"}],"version-history":[{"count":3,"href":"https:\/\/localelections.eu\/index.php?rest_route=\/wp\/v2\/pages\/156\/revisions"}],"predecessor-version":[{"id":298,"href":"https:\/\/localelections.eu\/index.php?rest_route=\/wp\/v2\/pages\/156\/revisions\/298"}],"up":[{"embeddable":true,"href":"https:\/\/localelections.eu\/index.php?rest_route=\/wp\/v2\/pages\/31"}],"wp:attachment":[{"href":"https:\/\/localelections.eu\/index.php?rest_route=%2Fwp%2Fv2%2Fmedia&parent=156"}],"curies":[{"name":"wp","href":"https:\/\/api.w.org\/{rel}","templated":true}]}}