{"id":152,"date":"2022-01-06T14:14:19","date_gmt":"2022-01-06T14:14:19","guid":{"rendered":"https:\/\/localelections.eu\/?page_id=152"},"modified":"2022-01-30T15:48:50","modified_gmt":"2022-01-30T15:48:50","slug":"latvia","status":"publish","type":"page","link":"https:\/\/localelections.eu\/?page_id=152","title":{"rendered":"Latvia"},"content":{"rendered":"\n<p class=\"has-accent-color has-text-color\">Reinholde, I., &amp; Stu\u010dka, M. (2022). Latvia: Electoral drama in local governments. In A. Gend\u017awi\u0142\u0142, U. Kjaer, &amp; K. Steyvers (Eds.), The Routledge Handbook of Local Elections and Voting in Europe (pp. 303-315). London: Routledge.<\/p>\n\n\n\n<ul class=\"wp-block-list\"><li>Region: Central and Eastern Europe<\/li><li>Local elections:<ul><li>29.05.1994<\/li><li>09.03.1997<\/li><li>11.03.2001<\/li><li>12.03.2005<\/li><li>06.06.2009<\/li><li>01.06.2013<\/li><li>03.06.2017<\/li><\/ul><\/li><li><a href=\"https:\/\/www.legislationline.org\/download\/id\/7704\/file\/Latvia_Law_City_Council_Municipality_Council_Election_Law_1994_am2013_en.pdf\" title=\"Electoral code\">Electoral code<\/a><\/li><li>Electoral data: <a href=\"https:\/\/www.cvk.lv\/cgi-bin\/wdbcgiw\/cvk\/pv2005.pv2005_rezult_plus.vis\" title=\"2005\">2005<\/a>, <a href=\"https:\/\/www.cvk.lv\/cgi-bin\/wdbcgiw\/cvk\/pv2009.pv09_rezultati.vis\" title=\"2009\">2009<\/a>, <a href=\"http:\/\/www.pv2013.cvk.lv\/ResNovPart-0100.html\" title=\"2013\">2013<\/a>, <a href=\"http:\/\/pv2017.cvk.lv\/ElectionResults\" title=\"2017\">2017<\/a><\/li><li>Country experts: <a href=\"mailto:iveta.reinholde@lu.lv\" title=\"Iveta Reinholde\">Iveta Reinholde<\/a>, Malv\u012bne Stu\u010dka<\/li><\/ul>\n","protected":false},"excerpt":{"rendered":"<p>Reinholde, I., &amp; Stu\u010dka, M. (2022). Latvia: Electoral drama in local governments. In A. Gend\u017awi\u0142\u0142, U. Kjaer, &amp; K. Steyvers (Eds.), The Routledge Handbook of Local Elections and Voting in Europe (pp. 303-315). London: Routledge. Region: Central and Eastern Europe Local elections: 29.05.1994 09.03.1997 11.03.2001 12.03.2005 06.06.2009 01.06.2013 03.06.2017 Electoral code Electoral data: 2005, 2009, [&hellip;]<\/p>\n","protected":false},"author":1,"featured_media":0,"parent":31,"menu_order":0,"comment_status":"closed","ping_status":"closed","template":"","meta":{"_monsterinsights_skip_tracking":false,"_monsterinsights_sitenote_active":false,"_monsterinsights_sitenote_note":"","_monsterinsights_sitenote_category":0,"spay_email":"","footnotes":""},"class_list":["post-152","page","type-page","status-publish","hentry"],"_links":{"self":[{"href":"https:\/\/localelections.eu\/index.php?rest_route=\/wp\/v2\/pages\/152","targetHints":{"allow":["GET"]}}],"collection":[{"href":"https:\/\/localelections.eu\/index.php?rest_route=\/wp\/v2\/pages"}],"about":[{"href":"https:\/\/localelections.eu\/index.php?rest_route=\/wp\/v2\/types\/page"}],"author":[{"embeddable":true,"href":"https:\/\/localelections.eu\/index.php?rest_route=\/wp\/v2\/users\/1"}],"replies":[{"embeddable":true,"href":"https:\/\/localelections.eu\/index.php?rest_route=%2Fwp%2Fv2%2Fcomments&post=152"}],"version-history":[{"count":3,"href":"https:\/\/localelections.eu\/index.php?rest_route=\/wp\/v2\/pages\/152\/revisions"}],"predecessor-version":[{"id":296,"href":"https:\/\/localelections.eu\/index.php?rest_route=\/wp\/v2\/pages\/152\/revisions\/296"}],"up":[{"embeddable":true,"href":"https:\/\/localelections.eu\/index.php?rest_route=\/wp\/v2\/pages\/31"}],"wp:attachment":[{"href":"https:\/\/localelections.eu\/index.php?rest_route=%2Fwp%2Fv2%2Fmedia&parent=152"}],"curies":[{"name":"wp","href":"https:\/\/api.w.org\/{rel}","templated":true}]}}