{"id":148,"date":"2022-01-06T14:12:09","date_gmt":"2022-01-06T14:12:09","guid":{"rendered":"https:\/\/localelections.eu\/?page_id=148"},"modified":"2022-01-28T10:58:54","modified_gmt":"2022-01-28T10:58:54","slug":"kosovo","status":"publish","type":"page","link":"https:\/\/localelections.eu\/?page_id=148","title":{"rendered":"Kosovo"},"content":{"rendered":"\n<p class=\"has-accent-color has-text-color\">Memeti, M. (2022). Kosovo: Local elections and ethnic ramifications. In A. Gend\u017awi\u0142\u0142, U. Kjaer, &amp; K. Steyvers (Eds.), The Routledge Handbook of Local Elections and Voting in Europe (pp. 408-418). London: Routledge.<\/p>\n\n\n\n<ul class=\"wp-block-list\"><li>Region: Southeastern Europe<\/li><li>Local elections:<ul><li>26.10.2002<\/li><li>11.11.2007<\/li><li>15.11.2009<\/li><li>03.11.2013<\/li><li>22.10.2017<\/li><\/ul><\/li><li>Electoral code<ul><li><a href=\"https:\/\/mapl.rks-gov.net\/wp-content\/uploads\/2017\/10\/Law-On-Local-Elections-In-The-Republic-Of-Kosovo.pdf\" title=\"Law on Local Elections\">Law on Local Elections<\/a><\/li><\/ul><\/li><li>Electoral data:<ul><li><a href=\"https:\/\/www.kqz-ks.org\/an\/zgjedhjet-per-kuvende-komunale\/\" title=\"Central Election Commission\">Central Election Commission<\/a><\/li><\/ul><\/li><li>Country experts: <a href=\"mailto:m.memeti@seeu.edu.mk\" title=\"Memet Memeti\">Memet Memeti<\/a><\/li><\/ul>\n","protected":false},"excerpt":{"rendered":"<p>Memeti, M. (2022). Kosovo: Local elections and ethnic ramifications. In A. Gend\u017awi\u0142\u0142, U. Kjaer, &amp; K. Steyvers (Eds.), The Routledge Handbook of Local Elections and Voting in Europe (pp. 408-418). London: Routledge. Region: Southeastern Europe Local elections: 26.10.2002 11.11.2007 15.11.2009 03.11.2013 22.10.2017 Electoral code Law on Local Elections Electoral data: Central Election Commission Country experts: [&hellip;]<\/p>\n","protected":false},"author":1,"featured_media":0,"parent":31,"menu_order":0,"comment_status":"closed","ping_status":"closed","template":"","meta":{"_monsterinsights_skip_tracking":false,"_monsterinsights_sitenote_active":false,"_monsterinsights_sitenote_note":"","_monsterinsights_sitenote_category":0,"spay_email":"","footnotes":""},"class_list":["post-148","page","type-page","status-publish","hentry"],"_links":{"self":[{"href":"https:\/\/localelections.eu\/index.php?rest_route=\/wp\/v2\/pages\/148","targetHints":{"allow":["GET"]}}],"collection":[{"href":"https:\/\/localelections.eu\/index.php?rest_route=\/wp\/v2\/pages"}],"about":[{"href":"https:\/\/localelections.eu\/index.php?rest_route=\/wp\/v2\/types\/page"}],"author":[{"embeddable":true,"href":"https:\/\/localelections.eu\/index.php?rest_route=\/wp\/v2\/users\/1"}],"replies":[{"embeddable":true,"href":"https:\/\/localelections.eu\/index.php?rest_route=%2Fwp%2Fv2%2Fcomments&post=148"}],"version-history":[{"count":3,"href":"https:\/\/localelections.eu\/index.php?rest_route=\/wp\/v2\/pages\/148\/revisions"}],"predecessor-version":[{"id":268,"href":"https:\/\/localelections.eu\/index.php?rest_route=\/wp\/v2\/pages\/148\/revisions\/268"}],"up":[{"embeddable":true,"href":"https:\/\/localelections.eu\/index.php?rest_route=\/wp\/v2\/pages\/31"}],"wp:attachment":[{"href":"https:\/\/localelections.eu\/index.php?rest_route=%2Fwp%2Fv2%2Fmedia&parent=148"}],"curies":[{"name":"wp","href":"https:\/\/api.w.org\/{rel}","templated":true}]}}