{"id":146,"date":"2022-01-06T14:11:52","date_gmt":"2022-01-06T14:11:52","guid":{"rendered":"https:\/\/localelections.eu\/?page_id=146"},"modified":"2022-01-31T12:34:26","modified_gmt":"2022-01-31T12:34:26","slug":"italy","status":"publish","type":"page","link":"https:\/\/localelections.eu\/?page_id=146","title":{"rendered":"Italy"},"content":{"rendered":"\n<p class=\"has-accent-color has-text-color\">Bolgherini, S., &amp; Grimaldi, S. (2022). Italy: Hard-to-decipher local elections and voting. In A. Gend\u017awi\u0142\u0142, U. Kjaer, &amp; K. Steyvers (Eds.), The Routledge Handbook of Local Elections and Voting in Europe (pp. 233-245). London: Routledge.<\/p>\n\n\n\n<ul class=\"wp-block-list\"><li>Region: Southern Europe<\/li><li>Local elections: non-simultaneous<\/li><li><a href=\"https:\/\/www.normattiva.it\/uri-res\/N2Ls?urn:nir:stato:legge:1993-03-25;81!vig=\" title=\"Electoral code\">Electoral code<\/a><\/li><li>Electoral data:<ul><li><a href=\"https:\/\/elezionistorico.interno.gov.it\/index.php?tpel=G\" title=\"Ministry of Interior\">Ministry of Interior<\/a><\/li><\/ul><\/li><li>Country experts: <a href=\"mailto: silvia.bolgherini@unipg.it\" title=\"Silvia Bolgherini\">Silvia Bolgherini<\/a>, <a href=\"mailto: selena.grimaldi@unipd.it\" title=\"Selena Grimaldi\">Selena Grimaldi<\/a><\/li><\/ul>\n","protected":false},"excerpt":{"rendered":"<p>Bolgherini, S., &amp; Grimaldi, S. (2022). Italy: Hard-to-decipher local elections and voting. In A. Gend\u017awi\u0142\u0142, U. Kjaer, &amp; K. Steyvers (Eds.), The Routledge Handbook of Local Elections and Voting in Europe (pp. 233-245). London: Routledge. Region: Southern Europe Local elections: non-simultaneous Electoral code Electoral data: Ministry of Interior Country experts: Silvia Bolgherini, Selena Grimaldi<\/p>\n","protected":false},"author":1,"featured_media":0,"parent":31,"menu_order":0,"comment_status":"closed","ping_status":"closed","template":"","meta":{"_monsterinsights_skip_tracking":false,"_monsterinsights_sitenote_active":false,"_monsterinsights_sitenote_note":"","_monsterinsights_sitenote_category":0,"spay_email":"","footnotes":""},"class_list":["post-146","page","type-page","status-publish","hentry"],"_links":{"self":[{"href":"https:\/\/localelections.eu\/index.php?rest_route=\/wp\/v2\/pages\/146","targetHints":{"allow":["GET"]}}],"collection":[{"href":"https:\/\/localelections.eu\/index.php?rest_route=\/wp\/v2\/pages"}],"about":[{"href":"https:\/\/localelections.eu\/index.php?rest_route=\/wp\/v2\/types\/page"}],"author":[{"embeddable":true,"href":"https:\/\/localelections.eu\/index.php?rest_route=\/wp\/v2\/users\/1"}],"replies":[{"embeddable":true,"href":"https:\/\/localelections.eu\/index.php?rest_route=%2Fwp%2Fv2%2Fcomments&post=146"}],"version-history":[{"count":3,"href":"https:\/\/localelections.eu\/index.php?rest_route=\/wp\/v2\/pages\/146\/revisions"}],"predecessor-version":[{"id":320,"href":"https:\/\/localelections.eu\/index.php?rest_route=\/wp\/v2\/pages\/146\/revisions\/320"}],"up":[{"embeddable":true,"href":"https:\/\/localelections.eu\/index.php?rest_route=\/wp\/v2\/pages\/31"}],"wp:attachment":[{"href":"https:\/\/localelections.eu\/index.php?rest_route=%2Fwp%2Fv2%2Fmedia&parent=146"}],"curies":[{"name":"wp","href":"https:\/\/api.w.org\/{rel}","templated":true}]}}