{"id":144,"date":"2022-01-06T14:11:28","date_gmt":"2022-01-06T14:11:28","guid":{"rendered":"https:\/\/localelections.eu\/?page_id=144"},"modified":"2022-01-11T13:16:28","modified_gmt":"2022-01-11T13:16:28","slug":"ireland","status":"publish","type":"page","link":"https:\/\/localelections.eu\/?page_id=144","title":{"rendered":"Ireland"},"content":{"rendered":"\n<p class=\"has-accent-color has-text-color\">Quinlivan, A., Callanan, M., &amp; Weeks, L. (2022). Ireland: An atypical electoral system for an atypical local government system. In A. Gend\u017awi\u0142\u0142, U. Kjaer, &amp; K. Steyvers (Eds.), The Routledge Handbook of Local Elections and Voting in Europe (pp. 73-83). London: Routledge.<\/p>\n\n\n\n<ul class=\"wp-block-list\"><li>Region: British Isles<\/li><li>Local elections:<ul><li>27.06.1991<\/li><li>11.06.1999<\/li><li>11.06.2004<\/li><li>05.06.2009<\/li><li>23.05.2014<\/li><li>24.05.2019<\/li><\/ul><\/li><li>Electoral code<\/li><li>Electoral data:<ul><li><a href=\"https:\/\/electionsireland.org\/results\/local\/index.cfm\">Elections Ireland<\/a><\/li><\/ul><\/li><li>Country experts: <a href=\"A.Quinlivan@ucc.ie\">Aodh Quinlivan<\/a>, Mark Callanan, Liam Weeks<\/li><\/ul>\n","protected":false},"excerpt":{"rendered":"<p>Quinlivan, A., Callanan, M., &amp; Weeks, L. (2022). Ireland: An atypical electoral system for an atypical local government system. In A. Gend\u017awi\u0142\u0142, U. Kjaer, &amp; K. Steyvers (Eds.), The Routledge Handbook of Local Elections and Voting in Europe (pp. 73-83). London: Routledge. Region: British Isles Local elections: 27.06.1991 11.06.1999 11.06.2004 05.06.2009 23.05.2014 24.05.2019 Electoral code [&hellip;]<\/p>\n","protected":false},"author":1,"featured_media":0,"parent":31,"menu_order":0,"comment_status":"closed","ping_status":"closed","template":"","meta":{"_monsterinsights_skip_tracking":false,"_monsterinsights_sitenote_active":false,"_monsterinsights_sitenote_note":"","_monsterinsights_sitenote_category":0,"spay_email":"","footnotes":""},"class_list":["post-144","page","type-page","status-publish","hentry"],"_links":{"self":[{"href":"https:\/\/localelections.eu\/index.php?rest_route=\/wp\/v2\/pages\/144","targetHints":{"allow":["GET"]}}],"collection":[{"href":"https:\/\/localelections.eu\/index.php?rest_route=\/wp\/v2\/pages"}],"about":[{"href":"https:\/\/localelections.eu\/index.php?rest_route=\/wp\/v2\/types\/page"}],"author":[{"embeddable":true,"href":"https:\/\/localelections.eu\/index.php?rest_route=\/wp\/v2\/users\/1"}],"replies":[{"embeddable":true,"href":"https:\/\/localelections.eu\/index.php?rest_route=%2Fwp%2Fv2%2Fcomments&post=144"}],"version-history":[{"count":4,"href":"https:\/\/localelections.eu\/index.php?rest_route=\/wp\/v2\/pages\/144\/revisions"}],"predecessor-version":[{"id":221,"href":"https:\/\/localelections.eu\/index.php?rest_route=\/wp\/v2\/pages\/144\/revisions\/221"}],"up":[{"embeddable":true,"href":"https:\/\/localelections.eu\/index.php?rest_route=\/wp\/v2\/pages\/31"}],"wp:attachment":[{"href":"https:\/\/localelections.eu\/index.php?rest_route=%2Fwp%2Fv2%2Fmedia&parent=144"}],"curies":[{"name":"wp","href":"https:\/\/api.w.org\/{rel}","templated":true}]}}