{"id":142,"date":"2022-01-06T14:09:40","date_gmt":"2022-01-06T14:09:40","guid":{"rendered":"https:\/\/localelections.eu\/?page_id=142"},"modified":"2022-01-11T09:30:26","modified_gmt":"2022-01-11T09:30:26","slug":"iceland","status":"publish","type":"page","link":"https:\/\/localelections.eu\/?page_id=142","title":{"rendered":"Iceland"},"content":{"rendered":"\n<p class=\"has-accent-color has-text-color\">Hlynsd\u00f3ttir, E.M. &amp; \u00d6nnud\u00f3ttir, E.H. (2022). Iceland: Where localism prevails. In A. Gend\u017awi\u0142\u0142, U. Kjaer, &amp; K. Steyvers (Eds.), The Routledge Handbook of Local Elections and Voting in Europe (pp. 41-50). London: Routledge.<\/p>\n\n\n\n<ul class=\"wp-block-list\"><li>Region: The Nordic States<\/li><li>Local elections:<ul><li>26.05.1990<\/li><li>28.05.1994<\/li><li>23.05.1998<\/li><li>25.05.2002<\/li><li>27.05.2006<\/li><li>29.05.2010<\/li><li>31.05.2014<\/li><li>26.05.2018<\/li><\/ul><\/li><li><a href=\"https:\/\/www.althingi.is\/altext\/stjt\/1998.005.html\">Electoral code<\/a><\/li><li>Electoral data:<ul><li><a href=\"https:\/\/www.statice.is\/statistics\/population\/elections\/local-government-elections\/\" title=\"https:\/\/www.statice.is\/statistics\/population\/elections\/local-government-elections\/\">Statistic Iceland<\/a><\/li><\/ul><\/li><li>Country expert: <a href=\"mailto: evamarin@hi.is\">Eva Mar\u00edn Hlynsd\u00f3ttir<\/a> and Eva H. \u00d6nnud\u00f3ttir<\/li><\/ul>\n","protected":false},"excerpt":{"rendered":"<p>Hlynsd\u00f3ttir, E.M. &amp; \u00d6nnud\u00f3ttir, E.H. (2022). Iceland: Where localism prevails. In A. Gend\u017awi\u0142\u0142, U. Kjaer, &amp; K. Steyvers (Eds.), The Routledge Handbook of Local Elections and Voting in Europe (pp. 41-50). London: Routledge. Region: The Nordic States Local elections: 26.05.1990 28.05.1994 23.05.1998 25.05.2002 27.05.2006 29.05.2010 31.05.2014 26.05.2018 Electoral code Electoral data: Statistic Iceland Country expert: [&hellip;]<\/p>\n","protected":false},"author":1,"featured_media":0,"parent":31,"menu_order":0,"comment_status":"closed","ping_status":"closed","template":"","meta":{"_monsterinsights_skip_tracking":false,"_monsterinsights_sitenote_active":false,"_monsterinsights_sitenote_note":"","_monsterinsights_sitenote_category":0,"spay_email":"","footnotes":""},"class_list":["post-142","page","type-page","status-publish","hentry"],"_links":{"self":[{"href":"https:\/\/localelections.eu\/index.php?rest_route=\/wp\/v2\/pages\/142","targetHints":{"allow":["GET"]}}],"collection":[{"href":"https:\/\/localelections.eu\/index.php?rest_route=\/wp\/v2\/pages"}],"about":[{"href":"https:\/\/localelections.eu\/index.php?rest_route=\/wp\/v2\/types\/page"}],"author":[{"embeddable":true,"href":"https:\/\/localelections.eu\/index.php?rest_route=\/wp\/v2\/users\/1"}],"replies":[{"embeddable":true,"href":"https:\/\/localelections.eu\/index.php?rest_route=%2Fwp%2Fv2%2Fcomments&post=142"}],"version-history":[{"count":2,"href":"https:\/\/localelections.eu\/index.php?rest_route=\/wp\/v2\/pages\/142\/revisions"}],"predecessor-version":[{"id":210,"href":"https:\/\/localelections.eu\/index.php?rest_route=\/wp\/v2\/pages\/142\/revisions\/210"}],"up":[{"embeddable":true,"href":"https:\/\/localelections.eu\/index.php?rest_route=\/wp\/v2\/pages\/31"}],"wp:attachment":[{"href":"https:\/\/localelections.eu\/index.php?rest_route=%2Fwp%2Fv2%2Fmedia&parent=142"}],"curies":[{"name":"wp","href":"https:\/\/api.w.org\/{rel}","templated":true}]}}