{"id":138,"date":"2022-01-06T14:06:04","date_gmt":"2022-01-06T14:06:04","guid":{"rendered":"https:\/\/localelections.eu\/?page_id=138"},"modified":"2022-01-30T15:14:26","modified_gmt":"2022-01-30T15:14:26","slug":"hungary","status":"publish","type":"page","link":"https:\/\/localelections.eu\/?page_id=138","title":{"rendered":"Hungary"},"content":{"rendered":"\n<p class=\"has-accent-color has-text-color\">Dobos, G. (2022). Hungary: The expansion and the limits of national politics at the local level. In A. Gend\u017awi\u0142\u0142, U. Kjaer, &amp; K. Steyvers (Eds.), The Routledge Handbook of Local Elections and Voting in Europe (pp. 293-302). London: Routledge.<\/p>\n\n\n\n<ul class=\"wp-block-list\"><li>Region: Central and Eastern Europe<\/li><li>Local elections:<ul><li>30.09.1990<\/li><li>11.12.1994<\/li><li>18.10.1998<\/li><li>20.10.2002 <\/li><li>01.10.2006<\/li><li>03.10.2010<\/li><li>12.10.2014<\/li><li>13.10.2019<\/li><\/ul><\/li><li><a href=\"https:\/\/njt.hu\/translations\/L%20of%202010:0000:-:-\/1\/10\" title=\"Electoral code\">Electoral code<\/a><\/li><li>Electoral data:<ul><li><a href=\"https:\/\/www.valasztas.hu\/onkormanyzati-valasztasok\" title=\"National Election Office\">National Election Office<\/a><\/li><\/ul><\/li><li>Country expert: <a href=\"mailto: Dobos.Gabor@tk.hu\" title=\"G\u00e1bor Dobos\">G\u00e1bor Dobos<\/a><\/li><\/ul>\n","protected":false},"excerpt":{"rendered":"<p>Dobos, G. (2022). Hungary: The expansion and the limits of national politics at the local level. In A. Gend\u017awi\u0142\u0142, U. Kjaer, &amp; K. Steyvers (Eds.), The Routledge Handbook of Local Elections and Voting in Europe (pp. 293-302). London: Routledge. Region: Central and Eastern Europe Local elections: 30.09.1990 11.12.1994 18.10.1998 20.10.2002 01.10.2006 03.10.2010 12.10.2014 13.10.2019 Electoral [&hellip;]<\/p>\n","protected":false},"author":1,"featured_media":0,"parent":31,"menu_order":0,"comment_status":"closed","ping_status":"closed","template":"","meta":{"_monsterinsights_skip_tracking":false,"_monsterinsights_sitenote_active":false,"_monsterinsights_sitenote_note":"","_monsterinsights_sitenote_category":0,"spay_email":"","footnotes":""},"class_list":["post-138","page","type-page","status-publish","hentry"],"_links":{"self":[{"href":"https:\/\/localelections.eu\/index.php?rest_route=\/wp\/v2\/pages\/138","targetHints":{"allow":["GET"]}}],"collection":[{"href":"https:\/\/localelections.eu\/index.php?rest_route=\/wp\/v2\/pages"}],"about":[{"href":"https:\/\/localelections.eu\/index.php?rest_route=\/wp\/v2\/types\/page"}],"author":[{"embeddable":true,"href":"https:\/\/localelections.eu\/index.php?rest_route=\/wp\/v2\/users\/1"}],"replies":[{"embeddable":true,"href":"https:\/\/localelections.eu\/index.php?rest_route=%2Fwp%2Fv2%2Fcomments&post=138"}],"version-history":[{"count":3,"href":"https:\/\/localelections.eu\/index.php?rest_route=\/wp\/v2\/pages\/138\/revisions"}],"predecessor-version":[{"id":293,"href":"https:\/\/localelections.eu\/index.php?rest_route=\/wp\/v2\/pages\/138\/revisions\/293"}],"up":[{"embeddable":true,"href":"https:\/\/localelections.eu\/index.php?rest_route=\/wp\/v2\/pages\/31"}],"wp:attachment":[{"href":"https:\/\/localelections.eu\/index.php?rest_route=%2Fwp%2Fv2%2Fmedia&parent=138"}],"curies":[{"name":"wp","href":"https:\/\/api.w.org\/{rel}","templated":true}]}}