{"id":136,"date":"2022-01-06T14:05:45","date_gmt":"2022-01-06T14:05:45","guid":{"rendered":"https:\/\/localelections.eu\/?page_id=136"},"modified":"2022-01-30T14:24:43","modified_gmt":"2022-01-30T14:24:43","slug":"greece","status":"publish","type":"page","link":"https:\/\/localelections.eu\/?page_id=136","title":{"rendered":"Greece"},"content":{"rendered":"\n<p class=\"has-accent-color has-text-color\">Hlepas, N., &amp; Chadjipadelis, T. (2022). Greece: Mayors in the foreground, parties behind the scenes. In A. Gend\u017awi\u0142\u0142, U. Kjaer, &amp; K. Steyvers (Eds.), The Routledge Handbook of Local Elections and Voting in Europe (pp. 222-232). London: Routledge.<\/p>\n\n\n\n<ul class=\"wp-block-list\"><li>Region: Southern Europe<\/li><li>Local elections:<ul><li>14.10.1990<\/li><li>16.10.1994<\/li><li>11.10.1998<\/li><li>13.10.2002<\/li><li>15.10.2006<\/li><li>07.11.2010<\/li><li>18.05.2014<\/li><li>26.05.2019<\/li><\/ul><\/li><li><a href=\"https:\/\/www.hellenicparliament.gr\/UserFiles\/f3c70a23-7696-49db-9148-f24dce6a27c8\/PD%2026-2012.pdf\" title=\"Electoral code\">Electoral code<\/a><\/li><li>Electoral data:<ul><li><a href=\"https:\/\/www.ypes.gr\/archeia-apotelesmaton-dimotikon-eklogon-maioy-2019\/\" title=\"Ministry of Interior (2019 elections)\">Ministry of Interior (2019 elections)<\/a><\/li><\/ul><\/li><li>Country experts: <a href=\"mailto: nhlepas@gmail.com\" title=\"Nikos Hlepas\">Nikos Hlepas<\/a>, Theodore Chadjipadelis<\/li><\/ul>\n","protected":false},"excerpt":{"rendered":"<p>Hlepas, N., &amp; Chadjipadelis, T. (2022). Greece: Mayors in the foreground, parties behind the scenes. In A. Gend\u017awi\u0142\u0142, U. Kjaer, &amp; K. Steyvers (Eds.), The Routledge Handbook of Local Elections and Voting in Europe (pp. 222-232). London: Routledge. Region: Southern Europe Local elections: 14.10.1990 16.10.1994 11.10.1998 13.10.2002 15.10.2006 07.11.2010 18.05.2014 26.05.2019 Electoral code Electoral data: [&hellip;]<\/p>\n","protected":false},"author":1,"featured_media":0,"parent":31,"menu_order":0,"comment_status":"closed","ping_status":"closed","template":"","meta":{"_monsterinsights_skip_tracking":false,"_monsterinsights_sitenote_active":false,"_monsterinsights_sitenote_note":"","_monsterinsights_sitenote_category":0,"spay_email":"","footnotes":""},"class_list":["post-136","page","type-page","status-publish","hentry"],"_links":{"self":[{"href":"https:\/\/localelections.eu\/index.php?rest_route=\/wp\/v2\/pages\/136","targetHints":{"allow":["GET"]}}],"collection":[{"href":"https:\/\/localelections.eu\/index.php?rest_route=\/wp\/v2\/pages"}],"about":[{"href":"https:\/\/localelections.eu\/index.php?rest_route=\/wp\/v2\/types\/page"}],"author":[{"embeddable":true,"href":"https:\/\/localelections.eu\/index.php?rest_route=\/wp\/v2\/users\/1"}],"replies":[{"embeddable":true,"href":"https:\/\/localelections.eu\/index.php?rest_route=%2Fwp%2Fv2%2Fcomments&post=136"}],"version-history":[{"count":3,"href":"https:\/\/localelections.eu\/index.php?rest_route=\/wp\/v2\/pages\/136\/revisions"}],"predecessor-version":[{"id":280,"href":"https:\/\/localelections.eu\/index.php?rest_route=\/wp\/v2\/pages\/136\/revisions\/280"}],"up":[{"embeddable":true,"href":"https:\/\/localelections.eu\/index.php?rest_route=\/wp\/v2\/pages\/31"}],"wp:attachment":[{"href":"https:\/\/localelections.eu\/index.php?rest_route=%2Fwp%2Fv2%2Fmedia&parent=136"}],"curies":[{"name":"wp","href":"https:\/\/api.w.org\/{rel}","templated":true}]}}