{"id":134,"date":"2022-01-06T14:02:12","date_gmt":"2022-01-06T14:02:12","guid":{"rendered":"https:\/\/localelections.eu\/?page_id=134"},"modified":"2022-01-31T10:59:22","modified_gmt":"2022-01-31T10:59:22","slug":"germany","status":"publish","type":"page","link":"https:\/\/localelections.eu\/?page_id=134","title":{"rendered":"Germany"},"content":{"rendered":"\n<p class=\"has-accent-color has-text-color\">Vetter, A. (2022). Germany: A variety of local elections in a federal system. In A. Gend\u017awi\u0142\u0142, U. Kjaer, &amp; K. Steyvers (Eds.), The Routledge Handbook of Local Elections and Voting in Europe (pp. 126-139). London: Routledge.<\/p>\n\n\n\n<ul class=\"wp-block-list\"><li>Region: The Rhinelandic States<\/li><li>Local elections:<ul><li>BW Baden-W\u00fcrttemberg: 12.06.1994, 24.10.1999, 13.06.2004, 07.06.2009, 25.05.2014, 26.05.2019<\/li><li>BY Bayern: 18.03.1990, 10.03.1996, 03.03.2002, 02.03.2008, 16.03.2014<\/li><\/ul><ul><li>BB Brandenburg: 03.12.1993, 27.09.1998, 26.10.2003, 28.09.2008, 25.05.2014, 26.05.2019<\/li><li>HE Hessen: 07.03.1993, 02.03.1997, 18.03.2001, 26.03.2006, 27.03.2011, 06.03.2016<\/li><li>MV Mecklenburg-Vorpommern: 12.06.1994, 13.06.1999, 13.06.2004, 07.06.2009, 25.05.2014, 26.05.2019<\/li><li>NI Niedersachsen: 06.10.1991, 15.09.1996, 09.09.2001, 10.09.2006, 11.09.2011, 11.09.2016<\/li><li>NW Nordrhein-Westfalen: 16.10.1994, 12.09.1999, 26.09.2004, 30.08.2009, 25.05.2014<\/li><li>RP Rheinland-Pfalz: 12.06.1994, 13.06.1999, 13.06.2004, 07.06.2009, 25.05.2014, 26.05.2019<\/li><li>SH Schleswig-Holstein: 25.03.1990, 20.03.1994, 22.03.1998, 02.03.2003, 25.05.2008, 26.05.2013, 06.05.2018<\/li><li>SL Saarland: 12.06.1994, 13.06.1999, 13.06.2004, 07.06.2009, 25.05.2014, 26.05.2019<\/li><li>SN Sachsen: 12.06.1994, 13.06.1999, 13.06.2004, 07.06.2009, 25.05.2014, 26.05.2019<\/li><li>ST Sachsen-Anhalt: 12.06.1994, 13.06.1999, 13.06.2004, 07.06.2009, 25.05.2014, 26.05.2019<\/li><li>TH Th\u00fcringen: 12.06.1994, 13.06.1999, 27.06.2004, 07.06.2009, 25.05.2014, 26.05.2019<\/li><\/ul><\/li><li><a href=\"https:\/\/www.wahlrecht.de\/kommunal\/index.htm\" title=\"Electoral codes\">Electoral codes<\/a><\/li><li>Electoral data:<ul><li><a href=\"https:\/\/www.statistik-bw.de\/Wahlen\/Kommunal\/\" title=\"BW Baden-W\u00fcrttemberg\">BW Baden-W\u00fcrttemberg<\/a><\/li><\/ul><ul><li><a href=\"https:\/\/www.statistik.bayern.de\/wahlen\/kommunalwahlen\/index.html\" title=\"BY Bayern\">BY Bayern<\/a><\/li><\/ul><ul><li><a href=\"https:\/\/www.statistik-berlin-brandenburg.de\/kommunalwahlen\" title=\"BB Brandenburg\">BB Brandenburg<\/a><\/li><li><a href=\"https:\/\/statistik.hessen.de\/zahlen-fakten\/kommunalwahlen\" title=\"HE Hessen\">HE Hessen<\/a><\/li><li><a href=\"https:\/\/www.laiv-mv.de\/Wahlen\/Kommunalwahlen\/\" title=\"MV Mecklenburg-Vorpommern\">MV Mecklenburg-Vorpommern<\/a><\/li><\/ul><ul><li><a href=\"https:\/\/www.statistik.niedersachsen.de\/startseite\/themenbereiche\/wahlen\/themenbereich-wahlen---tabellen-87585.html\" title=\"NI Niedersachsen\">NI Niedersachsen<\/a><\/li><li><a href=\"https:\/\/www.wahlergebnisse.nrw\/kommunalwahlen\/index.html\" title=\"NW Nordrhein-Westfalen\">NW Nordrhein-Westfalen<\/a><\/li><li><a href=\"https:\/\/www.wahlen.rlp.de\/de\/kw\/\" title=\"RP Rheinland-Pfalz\">RP Rheinland-Pfalz<\/a><\/li><li><a href=\"https:\/\/www.statistik-nord.de\/wahlen\/wahlen-in-schleswig-holstein\/kommunalwahlen\/2018\/\" title=\"SH Schleswig-Holstein\">SH Schleswig-Holstein<\/a><\/li><\/ul><ul><li><a href=\"https:\/\/wahlergebnis.saarland.de\/GRW\/\" title=\"SL Saarland\">SL Saarland<\/a><\/li><li><a href=\"https:\/\/www.wahlen.sachsen.de\/gemeinderatswahlen.html\" title=\"SN Sachsen\">SN Sachsen<\/a><\/li><li><a href=\"https:\/\/statistik.sachsen-anhalt.de\/themen\/gebiet-und-wahlen\/wahlen\/\" title=\"ST Sachsen-Anhalt\">ST Sachsen-Anhalt<\/a><\/li><li><a href=\"https:\/\/statistik.thueringen.de\/datenbank\/tabauswahl.asp?auswahl=144&amp;BEvas3=start\" title=\"TH Th\u00fcringen\">TH Th\u00fcringen<\/a><\/li><\/ul><\/li><li>Country expert: <a href=\"mailto: angelika.vetter@f10.uni-stuttgart.de\" title=\"Angelika Vetter\">Angelika Vetter<\/a><\/li><\/ul>\n","protected":false},"excerpt":{"rendered":"<p>Vetter, A. (2022). Germany: A variety of local elections in a federal system. In A. Gend\u017awi\u0142\u0142, U. Kjaer, &amp; K. Steyvers (Eds.), The Routledge Handbook of Local Elections and Voting in Europe (pp. 126-139). London: Routledge. Region: The Rhinelandic States Local elections: BW Baden-W\u00fcrttemberg: 12.06.1994, 24.10.1999, 13.06.2004, 07.06.2009, 25.05.2014, 26.05.2019 BY Bayern: 18.03.1990, 10.03.1996, 03.03.2002, [&hellip;]<\/p>\n","protected":false},"author":1,"featured_media":0,"parent":31,"menu_order":0,"comment_status":"closed","ping_status":"closed","template":"","meta":{"_monsterinsights_skip_tracking":false,"_monsterinsights_sitenote_active":false,"_monsterinsights_sitenote_note":"","_monsterinsights_sitenote_category":0,"spay_email":"","footnotes":""},"class_list":["post-134","page","type-page","status-publish","hentry"],"_links":{"self":[{"href":"https:\/\/localelections.eu\/index.php?rest_route=\/wp\/v2\/pages\/134","targetHints":{"allow":["GET"]}}],"collection":[{"href":"https:\/\/localelections.eu\/index.php?rest_route=\/wp\/v2\/pages"}],"about":[{"href":"https:\/\/localelections.eu\/index.php?rest_route=\/wp\/v2\/types\/page"}],"author":[{"embeddable":true,"href":"https:\/\/localelections.eu\/index.php?rest_route=\/wp\/v2\/users\/1"}],"replies":[{"embeddable":true,"href":"https:\/\/localelections.eu\/index.php?rest_route=%2Fwp%2Fv2%2Fcomments&post=134"}],"version-history":[{"count":4,"href":"https:\/\/localelections.eu\/index.php?rest_route=\/wp\/v2\/pages\/134\/revisions"}],"predecessor-version":[{"id":307,"href":"https:\/\/localelections.eu\/index.php?rest_route=\/wp\/v2\/pages\/134\/revisions\/307"}],"up":[{"embeddable":true,"href":"https:\/\/localelections.eu\/index.php?rest_route=\/wp\/v2\/pages\/31"}],"wp:attachment":[{"href":"https:\/\/localelections.eu\/index.php?rest_route=%2Fwp%2Fv2%2Fmedia&parent=134"}],"curies":[{"name":"wp","href":"https:\/\/api.w.org\/{rel}","templated":true}]}}