{"id":132,"date":"2022-01-06T14:02:04","date_gmt":"2022-01-06T14:02:04","guid":{"rendered":"https:\/\/localelections.eu\/?page_id=132"},"modified":"2022-01-31T12:24:27","modified_gmt":"2022-01-31T12:24:27","slug":"france","status":"publish","type":"page","link":"https:\/\/localelections.eu\/?page_id=132","title":{"rendered":"France"},"content":{"rendered":"\n<p class=\"has-accent-color has-text-color\">Dolez, B., &amp; Laurent, A. (2022). France: Competition only in large cities. In A. Gend\u017awi\u0142\u0142, U. Kjaer, &amp; K. Steyvers (Eds.), The Routledge Handbook of Local Elections and Voting in Europe (pp. 209-221). London: Routledge.<\/p>\n\n\n\n<ul class=\"wp-block-list\"><li>Region: Southern Europe<\/li><li>Local elections:<ul><li>11.06.1995<\/li><li>11.03.2001<\/li><li>09.03.2008<\/li><li>23.03.2014<\/li><li>15.03.2020<\/li><\/ul><\/li><li>Electoral code:<ul><li><a href=\"https:\/\/www.legifrance.gouv.fr\/affichCode.do?cidTexte=LEGITEXT000006070633\" title=\"Local Government Code\">Local Government Code<\/a><\/li><\/ul><ul><li><a href=\"https:\/\/www.legifrance.gouv.fr\/affichCode.do?cidTexte=LEGITEXT000006070239\" title=\"Election Code\">Election Code<\/a><\/li><\/ul><\/li><li>Electoral data:<ul><li><a href=\"https:\/\/www.collectivites-locales.gouv.fr\/collectivites-locales-chiffres\" title=\"Local governments key figures\">Local governments key figures<\/a><\/li><\/ul><ul><li><a href=\"https:\/\/www.data.gouv.fr\/fr\/datasets\/?organization=534fff91a3a7292c64a77f53&amp;q=elections%20municipales\" title=\"data.gouv.fr\">data.gouv.fr<\/a><\/li><\/ul><\/li><li>Country experts: <a href=\"mailto: Bernard.Dolez@univ-paris1.fr\" title=\"Bernard Dolez\">Bernard Dolez<\/a>, <a href=\"mailto: annie.laurent@univ-lille.fr\" title=\"Annie Laurent\">Annie Laurent<\/a><\/li><\/ul>\n","protected":false},"excerpt":{"rendered":"<p>Dolez, B., &amp; Laurent, A. (2022). France: Competition only in large cities. In A. Gend\u017awi\u0142\u0142, U. Kjaer, &amp; K. Steyvers (Eds.), The Routledge Handbook of Local Elections and Voting in Europe (pp. 209-221). London: Routledge. Region: Southern Europe Local elections: 11.06.1995 11.03.2001 09.03.2008 23.03.2014 15.03.2020 Electoral code: Local Government Code Election Code Electoral data: Local [&hellip;]<\/p>\n","protected":false},"author":1,"featured_media":0,"parent":31,"menu_order":0,"comment_status":"closed","ping_status":"closed","template":"","meta":{"_monsterinsights_skip_tracking":false,"_monsterinsights_sitenote_active":false,"_monsterinsights_sitenote_note":"","_monsterinsights_sitenote_category":0,"spay_email":"","footnotes":""},"class_list":["post-132","page","type-page","status-publish","hentry"],"_links":{"self":[{"href":"https:\/\/localelections.eu\/index.php?rest_route=\/wp\/v2\/pages\/132","targetHints":{"allow":["GET"]}}],"collection":[{"href":"https:\/\/localelections.eu\/index.php?rest_route=\/wp\/v2\/pages"}],"about":[{"href":"https:\/\/localelections.eu\/index.php?rest_route=\/wp\/v2\/types\/page"}],"author":[{"embeddable":true,"href":"https:\/\/localelections.eu\/index.php?rest_route=\/wp\/v2\/users\/1"}],"replies":[{"embeddable":true,"href":"https:\/\/localelections.eu\/index.php?rest_route=%2Fwp%2Fv2%2Fcomments&post=132"}],"version-history":[{"count":3,"href":"https:\/\/localelections.eu\/index.php?rest_route=\/wp\/v2\/pages\/132\/revisions"}],"predecessor-version":[{"id":318,"href":"https:\/\/localelections.eu\/index.php?rest_route=\/wp\/v2\/pages\/132\/revisions\/318"}],"up":[{"embeddable":true,"href":"https:\/\/localelections.eu\/index.php?rest_route=\/wp\/v2\/pages\/31"}],"wp:attachment":[{"href":"https:\/\/localelections.eu\/index.php?rest_route=%2Fwp%2Fv2%2Fmedia&parent=132"}],"curies":[{"name":"wp","href":"https:\/\/api.w.org\/{rel}","templated":true}]}}