{"id":128,"date":"2022-01-06T14:00:29","date_gmt":"2022-01-06T14:00:29","guid":{"rendered":"https:\/\/localelections.eu\/?page_id=128"},"modified":"2022-01-11T08:49:31","modified_gmt":"2022-01-11T08:49:31","slug":"finland","status":"publish","type":"page","link":"https:\/\/localelections.eu\/?page_id=128","title":{"rendered":"Finland"},"content":{"rendered":"\n<p class=\"has-accent-color has-text-color\">Sandberg, S. (2022). Finland: Local autonomy, tenacious national parties, and sovereign, but indifferent voters. In A. Gend\u017awi\u0142\u0142, U. Kjaer, &amp; K. Steyvers (Eds.), The Routledge Handbook of Local Elections and Voting in Europe (pp. 31-40). London: Routledge.<\/p>\n\n\n\n<ul class=\"wp-block-list\"><li>Region: The Nordic States<\/li><li>Local elections:<ul><li>18.10.1992<\/li><li>20.10.1996<\/li><li>22.10.2000<\/li><li>24.10.2004<\/li><li>26.10.2008<\/li><li>28.10.2012<\/li><li>09.04.2017<\/li><li>13.06.2021<\/li><\/ul><\/li><li>Electoral code:<ul><li><a href=\"https:\/\/www.finlex.fi\/en\/laki\/kaannokset\/1998\/en19980714_20040218.pdf\">Election Act<\/a><\/li><li><a href=\"https:\/\/www.finlex.fi\/en\/laki\/kaannokset\/2015\/en20150410.pdf\">Local Government Act<\/a><\/li><\/ul><\/li><li>Electoral data:<ul><li><a href=\"https:\/\/vaalit.fi\/en\/frontpage\">Ministry of Justice, election website<\/a><\/li><li><a href=\"https:\/\/tilastokeskus.fi\/til\/kvaa\/index_en.html\">Statistics Finland<\/a><\/li><\/ul><\/li><li>Country expert: <a href=\"mailto:siv.sandberg@abo.fi\">Siv Sandberg<\/a><\/li><\/ul>\n","protected":false},"excerpt":{"rendered":"<p>Sandberg, S. (2022). Finland: Local autonomy, tenacious national parties, and sovereign, but indifferent voters. In A. Gend\u017awi\u0142\u0142, U. Kjaer, &amp; K. Steyvers (Eds.), The Routledge Handbook of Local Elections and Voting in Europe (pp. 31-40). London: Routledge. Region: The Nordic States Local elections: 18.10.1992 20.10.1996 22.10.2000 24.10.2004 26.10.2008 28.10.2012 09.04.2017 13.06.2021 Electoral code: Election Act [&hellip;]<\/p>\n","protected":false},"author":1,"featured_media":0,"parent":31,"menu_order":0,"comment_status":"closed","ping_status":"closed","template":"","meta":{"_monsterinsights_skip_tracking":false,"_monsterinsights_sitenote_active":false,"_monsterinsights_sitenote_note":"","_monsterinsights_sitenote_category":0,"spay_email":"","footnotes":""},"class_list":["post-128","page","type-page","status-publish","hentry"],"_links":{"self":[{"href":"https:\/\/localelections.eu\/index.php?rest_route=\/wp\/v2\/pages\/128","targetHints":{"allow":["GET"]}}],"collection":[{"href":"https:\/\/localelections.eu\/index.php?rest_route=\/wp\/v2\/pages"}],"about":[{"href":"https:\/\/localelections.eu\/index.php?rest_route=\/wp\/v2\/types\/page"}],"author":[{"embeddable":true,"href":"https:\/\/localelections.eu\/index.php?rest_route=\/wp\/v2\/users\/1"}],"replies":[{"embeddable":true,"href":"https:\/\/localelections.eu\/index.php?rest_route=%2Fwp%2Fv2%2Fcomments&post=128"}],"version-history":[{"count":3,"href":"https:\/\/localelections.eu\/index.php?rest_route=\/wp\/v2\/pages\/128\/revisions"}],"predecessor-version":[{"id":208,"href":"https:\/\/localelections.eu\/index.php?rest_route=\/wp\/v2\/pages\/128\/revisions\/208"}],"up":[{"embeddable":true,"href":"https:\/\/localelections.eu\/index.php?rest_route=\/wp\/v2\/pages\/31"}],"wp:attachment":[{"href":"https:\/\/localelections.eu\/index.php?rest_route=%2Fwp%2Fv2%2Fmedia&parent=128"}],"curies":[{"name":"wp","href":"https:\/\/api.w.org\/{rel}","templated":true}]}}