{"id":126,"date":"2022-01-06T14:00:13","date_gmt":"2022-01-06T14:00:13","guid":{"rendered":"https:\/\/localelections.eu\/?page_id=126"},"modified":"2022-01-30T16:03:35","modified_gmt":"2022-01-30T16:03:35","slug":"estonia","status":"publish","type":"page","link":"https:\/\/localelections.eu\/?page_id=126","title":{"rendered":"Estonia"},"content":{"rendered":"\n<p class=\"has-accent-color has-text-color\">Saarts, T., Sootla, G., &amp; Kattai, K. (2022). Estonia: The consolidation of partisan politics in a small country with small municipalities. In A. Gend\u017awi\u0142\u0142, U. Kjaer, &amp; K. Steyvers (Eds.), The Routledge Handbook of Local Elections and Voting in Europe (pp. 282-292). London: Routledge.<\/p>\n\n\n\n<ul class=\"wp-block-list\"><li>Region: Central and Eastern Europe<\/li><li>Local elections:<ul><li>17.10.1993<\/li><li>20.10.1996<\/li><li>17.10.1999<\/li><li>20.10.2002<\/li><li>16.10.2005<\/li><li>18.10.2009<\/li><li>20.10.2013<\/li><li>15.10.2017<\/li><\/ul><\/li><li><a href=\"https:\/\/www.riigiteataja.ee\/en\/eli\/513012020001\/consolide\" title=\"Electoral code\">Electoral code<\/a><\/li><li>Electoral data:<ul><li><a href=\"https:\/\/www.valimised.ee\/et\/toimunud-valimiste-arhiiv\" title=\"National Electoral Committee\">National Electoral Committee<\/a><\/li><\/ul><\/li><li>Country experts: <a href=\"mailto: tonis.saarts@tlu.ee\" title=\"T\u00f5nis Saarts\">T\u00f5nis Saarts<\/a>, Georg Sootla, and Kersten Kattai<\/li><\/ul>\n","protected":false},"excerpt":{"rendered":"<p>Saarts, T., Sootla, G., &amp; Kattai, K. (2022). Estonia: The consolidation of partisan politics in a small country with small municipalities. In A. Gend\u017awi\u0142\u0142, U. Kjaer, &amp; K. Steyvers (Eds.), The Routledge Handbook of Local Elections and Voting in Europe (pp. 282-292). London: Routledge. Region: Central and Eastern Europe Local elections: 17.10.1993 20.10.1996 17.10.1999 20.10.2002 [&hellip;]<\/p>\n","protected":false},"author":1,"featured_media":0,"parent":31,"menu_order":0,"comment_status":"closed","ping_status":"closed","template":"","meta":{"_monsterinsights_skip_tracking":false,"_monsterinsights_sitenote_active":false,"_monsterinsights_sitenote_note":"","_monsterinsights_sitenote_category":0,"spay_email":"","footnotes":""},"class_list":["post-126","page","type-page","status-publish","hentry"],"_links":{"self":[{"href":"https:\/\/localelections.eu\/index.php?rest_route=\/wp\/v2\/pages\/126","targetHints":{"allow":["GET"]}}],"collection":[{"href":"https:\/\/localelections.eu\/index.php?rest_route=\/wp\/v2\/pages"}],"about":[{"href":"https:\/\/localelections.eu\/index.php?rest_route=\/wp\/v2\/types\/page"}],"author":[{"embeddable":true,"href":"https:\/\/localelections.eu\/index.php?rest_route=\/wp\/v2\/users\/1"}],"replies":[{"embeddable":true,"href":"https:\/\/localelections.eu\/index.php?rest_route=%2Fwp%2Fv2%2Fcomments&post=126"}],"version-history":[{"count":3,"href":"https:\/\/localelections.eu\/index.php?rest_route=\/wp\/v2\/pages\/126\/revisions"}],"predecessor-version":[{"id":300,"href":"https:\/\/localelections.eu\/index.php?rest_route=\/wp\/v2\/pages\/126\/revisions\/300"}],"up":[{"embeddable":true,"href":"https:\/\/localelections.eu\/index.php?rest_route=\/wp\/v2\/pages\/31"}],"wp:attachment":[{"href":"https:\/\/localelections.eu\/index.php?rest_route=%2Fwp%2Fv2%2Fmedia&parent=126"}],"curies":[{"name":"wp","href":"https:\/\/api.w.org\/{rel}","templated":true}]}}