{"id":124,"date":"2022-01-06T13:59:43","date_gmt":"2022-01-06T13:59:43","guid":{"rendered":"https:\/\/localelections.eu\/?page_id=124"},"modified":"2022-01-11T08:39:03","modified_gmt":"2022-01-11T08:39:03","slug":"denmark","status":"publish","type":"page","link":"https:\/\/localelections.eu\/?page_id=124","title":{"rendered":"Denmark"},"content":{"rendered":"\n<p class=\"has-accent-color has-text-color\">Kjaer, U. (2022). Denmark: How two and a half parties rule within a multiparty system. In A. Gend\u017awi\u0142\u0142, U. Kjaer, &amp; K. Steyvers (Eds.), The Routledge Handbook of Local Elections and Voting in Europe (pp. 21-30). London: Routledge.<\/p>\n\n\n\n<ul class=\"wp-block-list\"><li>Region: The Nordic States<\/li><li>Local elections:<ul><li>16.11.1993<\/li><li>18.11.1997<\/li><li>20.11.2001<\/li><li>15.11.2005<\/li><li>17.11.2009<\/li><li>19.11.2013<\/li><li>21.11.2017<\/li><\/ul><\/li><li><a href=\"https:\/\/elections.sim.dk\/media\/22543\/local-and-regional-government-elections-act.pdf\" title=\"https:\/\/elections.sim.dk\/media\/22543\/local-and-regional-government-elections-act.pdf\">Electoral code<\/a><\/li><li>Electoral data:<ul><li><a href=\"https:\/\/www.statbank.dk\/20006\" title=\"https:\/\/www.statbank.dk\/20006\">Statistics Denmark<\/a><\/li><\/ul><\/li><li>Country expert: <a href=\"mailto: ulk@sam.sdu.dk\" title=\"mailto: ulk@sam.sdu.dk\">Ulrik Kjaer<\/a><\/li><\/ul>\n","protected":false},"excerpt":{"rendered":"<p>Kjaer, U. (2022). Denmark: How two and a half parties rule within a multiparty system. In A. Gend\u017awi\u0142\u0142, U. Kjaer, &amp; K. Steyvers (Eds.), The Routledge Handbook of Local Elections and Voting in Europe (pp. 21-30). London: Routledge. Region: The Nordic States Local elections: 16.11.1993 18.11.1997 20.11.2001 15.11.2005 17.11.2009 19.11.2013 21.11.2017 Electoral code Electoral data: [&hellip;]<\/p>\n","protected":false},"author":1,"featured_media":0,"parent":31,"menu_order":0,"comment_status":"closed","ping_status":"closed","template":"","meta":{"_monsterinsights_skip_tracking":false,"_monsterinsights_sitenote_active":false,"_monsterinsights_sitenote_note":"","_monsterinsights_sitenote_category":0,"spay_email":"","footnotes":""},"class_list":["post-124","page","type-page","status-publish","hentry"],"_links":{"self":[{"href":"https:\/\/localelections.eu\/index.php?rest_route=\/wp\/v2\/pages\/124","targetHints":{"allow":["GET"]}}],"collection":[{"href":"https:\/\/localelections.eu\/index.php?rest_route=\/wp\/v2\/pages"}],"about":[{"href":"https:\/\/localelections.eu\/index.php?rest_route=\/wp\/v2\/types\/page"}],"author":[{"embeddable":true,"href":"https:\/\/localelections.eu\/index.php?rest_route=\/wp\/v2\/users\/1"}],"replies":[{"embeddable":true,"href":"https:\/\/localelections.eu\/index.php?rest_route=%2Fwp%2Fv2%2Fcomments&post=124"}],"version-history":[{"count":2,"href":"https:\/\/localelections.eu\/index.php?rest_route=\/wp\/v2\/pages\/124\/revisions"}],"predecessor-version":[{"id":205,"href":"https:\/\/localelections.eu\/index.php?rest_route=\/wp\/v2\/pages\/124\/revisions\/205"}],"up":[{"embeddable":true,"href":"https:\/\/localelections.eu\/index.php?rest_route=\/wp\/v2\/pages\/31"}],"wp:attachment":[{"href":"https:\/\/localelections.eu\/index.php?rest_route=%2Fwp%2Fv2%2Fmedia&parent=124"}],"curies":[{"name":"wp","href":"https:\/\/api.w.org\/{rel}","templated":true}]}}