{"id":122,"date":"2022-01-06T13:59:23","date_gmt":"2022-01-06T13:59:23","guid":{"rendered":"https:\/\/localelections.eu\/?page_id=122"},"modified":"2022-01-30T15:04:55","modified_gmt":"2022-01-30T15:04:55","slug":"czech-republic","status":"publish","type":"page","link":"https:\/\/localelections.eu\/?page_id=122","title":{"rendered":"Czech Republic"},"content":{"rendered":"\n<p class=\"has-accent-color has-text-color\">Voda, P. (2022). Czech Republic: Local elections in a fragmented municipal system. In A. Gend\u017awi\u0142\u0142, U. Kjaer, &amp; K. Steyvers (Eds.), The Routledge Handbook of Local Elections and Voting in Europe (pp. 271-281). London: Routledge.<\/p>\n\n\n\n<ul class=\"wp-block-list\"><li>Region: Central and Eastern Europe<\/li><li>Local elections:<ul><li>24.11.1990<\/li><li>18.11.1994<\/li><li>13.11.1998<\/li><li>01.11.2002<\/li><li>20.10.2006<\/li><li>15.10.2010<\/li><li>10.10.2014<\/li><li>05.10.2018<\/li><\/ul><\/li><li><a href=\"https:\/\/www.zakonyprolidi.cz\/cs\/2001-491\" title=\"Electoral code\">Electoral code<\/a><\/li><li>Electoral data:<ul><li><a href=\"https:\/\/www.volby.cz\/\" title=\"Czech Statistical Office (volby.cz)\">Czech Statistical Office (volby.cz)<\/a><\/li><\/ul><\/li><li>Country expert: <a href=\"mailto:pvoda@fss.muni.cz\" title=\"Petr Voda\">Petr Voda<\/a><\/li><\/ul>\n","protected":false},"excerpt":{"rendered":"<p>Voda, P. (2022). Czech Republic: Local elections in a fragmented municipal system. In A. Gend\u017awi\u0142\u0142, U. Kjaer, &amp; K. Steyvers (Eds.), The Routledge Handbook of Local Elections and Voting in Europe (pp. 271-281). London: Routledge. Region: Central and Eastern Europe Local elections: 24.11.1990 18.11.1994 13.11.1998 01.11.2002 20.10.2006 15.10.2010 10.10.2014 05.10.2018 Electoral code Electoral data: Czech [&hellip;]<\/p>\n","protected":false},"author":1,"featured_media":0,"parent":31,"menu_order":0,"comment_status":"closed","ping_status":"closed","template":"","meta":{"_monsterinsights_skip_tracking":false,"_monsterinsights_sitenote_active":false,"_monsterinsights_sitenote_note":"","_monsterinsights_sitenote_category":0,"spay_email":"","footnotes":""},"class_list":["post-122","page","type-page","status-publish","hentry"],"_links":{"self":[{"href":"https:\/\/localelections.eu\/index.php?rest_route=\/wp\/v2\/pages\/122","targetHints":{"allow":["GET"]}}],"collection":[{"href":"https:\/\/localelections.eu\/index.php?rest_route=\/wp\/v2\/pages"}],"about":[{"href":"https:\/\/localelections.eu\/index.php?rest_route=\/wp\/v2\/types\/page"}],"author":[{"embeddable":true,"href":"https:\/\/localelections.eu\/index.php?rest_route=\/wp\/v2\/users\/1"}],"replies":[{"embeddable":true,"href":"https:\/\/localelections.eu\/index.php?rest_route=%2Fwp%2Fv2%2Fcomments&post=122"}],"version-history":[{"count":3,"href":"https:\/\/localelections.eu\/index.php?rest_route=\/wp\/v2\/pages\/122\/revisions"}],"predecessor-version":[{"id":291,"href":"https:\/\/localelections.eu\/index.php?rest_route=\/wp\/v2\/pages\/122\/revisions\/291"}],"up":[{"embeddable":true,"href":"https:\/\/localelections.eu\/index.php?rest_route=\/wp\/v2\/pages\/31"}],"wp:attachment":[{"href":"https:\/\/localelections.eu\/index.php?rest_route=%2Fwp%2Fv2%2Fmedia&parent=122"}],"curies":[{"name":"wp","href":"https:\/\/api.w.org\/{rel}","templated":true}]}}