{"id":118,"date":"2022-01-06T13:53:40","date_gmt":"2022-01-06T13:53:40","guid":{"rendered":"https:\/\/localelections.eu\/?page_id=118"},"modified":"2022-01-30T14:36:05","modified_gmt":"2022-01-30T14:36:05","slug":"cyprus","status":"publish","type":"page","link":"https:\/\/localelections.eu\/?page_id=118","title":{"rendered":"Cyprus"},"content":{"rendered":"\n<p class=\"has-accent-color has-text-color\">Kirlappos, A. (2022). Cyprus: National parties\u2019 dominance and the decline of electoral participation. In A. Gend\u017awi\u0142\u0142, U. Kjaer, &amp; K. Steyvers (Eds.), The Routledge Handbook of Local Elections and Voting in Europe (pp. 197-208). London: Routledge.<\/p>\n\n\n\n<ul class=\"wp-block-list\"><li>Region: Southern Europe<\/li><li>Local elections:<ul><li>22.12.1991<\/li><li>15.12.1996<\/li><li>16.12.2001<\/li><li>17.12.2006<\/li><li>18.12.2011<\/li><li>18.12.2016<\/li><\/ul><\/li><li>Electoral code<ul><li><a href=\"http:\/\/ucm.org.cy\/wp-content\/uploads\/The_Municipalities_Law_en.pdf\" title=\"The Municipalities Law (1985)\">The Municipalities Law (1985)<\/a><\/li><\/ul><\/li><li>Electoral data:<ul><li><a href=\"http:\/\/results.elections.moi.gov.cy\/English\/MUNICIPAL_COUNCILS_ELECTIONS_2016\/Islandwide\" title=\"Ministry of Interior, Electoral Service (2011, 2016)\">Ministry of Interior, Electoral Service (2011, 2016)<\/a><\/li><\/ul><\/li><li>Country expert: <a href=\"mailto:Kirlappos.a@gmail.com\" title=\"Andreas Kirlappos\">Andreas Kirlappos<\/a><\/li><\/ul>\n","protected":false},"excerpt":{"rendered":"<p>Kirlappos, A. (2022). Cyprus: National parties\u2019 dominance and the decline of electoral participation. In A. Gend\u017awi\u0142\u0142, U. Kjaer, &amp; K. Steyvers (Eds.), The Routledge Handbook of Local Elections and Voting in Europe (pp. 197-208). London: Routledge. Region: Southern Europe Local elections: 22.12.1991 15.12.1996 16.12.2001 17.12.2006 18.12.2011 18.12.2016 Electoral code The Municipalities Law (1985) Electoral data: [&hellip;]<\/p>\n","protected":false},"author":1,"featured_media":0,"parent":31,"menu_order":0,"comment_status":"closed","ping_status":"closed","template":"","meta":{"_monsterinsights_skip_tracking":false,"_monsterinsights_sitenote_active":false,"_monsterinsights_sitenote_note":"","_monsterinsights_sitenote_category":0,"spay_email":"","footnotes":""},"class_list":["post-118","page","type-page","status-publish","hentry"],"_links":{"self":[{"href":"https:\/\/localelections.eu\/index.php?rest_route=\/wp\/v2\/pages\/118","targetHints":{"allow":["GET"]}}],"collection":[{"href":"https:\/\/localelections.eu\/index.php?rest_route=\/wp\/v2\/pages"}],"about":[{"href":"https:\/\/localelections.eu\/index.php?rest_route=\/wp\/v2\/types\/page"}],"author":[{"embeddable":true,"href":"https:\/\/localelections.eu\/index.php?rest_route=\/wp\/v2\/users\/1"}],"replies":[{"embeddable":true,"href":"https:\/\/localelections.eu\/index.php?rest_route=%2Fwp%2Fv2%2Fcomments&post=118"}],"version-history":[{"count":3,"href":"https:\/\/localelections.eu\/index.php?rest_route=\/wp\/v2\/pages\/118\/revisions"}],"predecessor-version":[{"id":282,"href":"https:\/\/localelections.eu\/index.php?rest_route=\/wp\/v2\/pages\/118\/revisions\/282"}],"up":[{"embeddable":true,"href":"https:\/\/localelections.eu\/index.php?rest_route=\/wp\/v2\/pages\/31"}],"wp:attachment":[{"href":"https:\/\/localelections.eu\/index.php?rest_route=%2Fwp%2Fv2%2Fmedia&parent=118"}],"curies":[{"name":"wp","href":"https:\/\/api.w.org\/{rel}","templated":true}]}}