{"id":116,"date":"2022-01-06T13:53:21","date_gmt":"2022-01-06T13:53:21","guid":{"rendered":"https:\/\/localelections.eu\/?page_id=116"},"modified":"2022-01-28T08:46:24","modified_gmt":"2022-01-28T08:46:24","slug":"croatia","status":"publish","type":"page","link":"https:\/\/localelections.eu\/?page_id=116","title":{"rendered":"Croatia"},"content":{"rendered":"\n<p class=\"has-accent-color has-text-color\">\u0160karica, M., &amp; Vukoji\u010di\u0107 Tomi\u0107, T. (2022). Croatia: Games of local democracy in the shadow of national politics. In A. Gend\u017awi\u0142\u0142, U. Kjaer, &amp; K. Steyvers (Eds.), The Routledge Handbook of Local Elections and Voting in Europe (pp. 396-407). London: Routledge.<\/p>\n\n\n\n<ul class=\"wp-block-list\"><li>Region: Southeastern Europe<\/li><li>Local elections:<ul><li>22.04.1990<\/li><li>07.02.1993<\/li><li>13.04.1997<\/li><li>25.05.2001<\/li><li>15.05.2005<\/li><li>17.05.2009<\/li><li>19.05.2013<\/li><li>21.05.2017<\/li><\/ul><\/li><li><a href=\"https:\/\/www.legislationline.org\/download\/id\/7664\/file\/Croatia_Local_Elections_Act_2012_en.pdf\" title=\"Electoral code (2012)\">Electoral code (2012)<\/a>, <a href=\"https:\/\/www.legislationline.org\/download\/id\/7665\/file\/Croatia_Act_amending_Local_Elections_Act_2016_en.pdf\" title=\"Amendments (2016)\">Amendments (2016)<\/a><\/li><li>Electoral data:<ul><li><a href=\"https:\/\/www.izbori.hr\/arhiva-izbora\/index.html#\/app\/home\" title=\"State Electoral Commission\">State Electoral Commission<\/a><\/li><\/ul><\/li><li>Country experts: <a href=\"mailto: mskarica@pravo.hr\" title=\"Mihovil \u0160karica\">Mihovil \u0160karica<\/a>, Tijana Vukoji\u010di\u0107 Tomi\u0107<\/li><\/ul>\n","protected":false},"excerpt":{"rendered":"<p>\u0160karica, M., &amp; Vukoji\u010di\u0107 Tomi\u0107, T. (2022). Croatia: Games of local democracy in the shadow of national politics. In A. Gend\u017awi\u0142\u0142, U. Kjaer, &amp; K. Steyvers (Eds.), The Routledge Handbook of Local Elections and Voting in Europe (pp. 396-407). London: Routledge. Region: Southeastern Europe Local elections: 22.04.1990 07.02.1993 13.04.1997 25.05.2001 15.05.2005 17.05.2009 19.05.2013 21.05.2017 Electoral [&hellip;]<\/p>\n","protected":false},"author":1,"featured_media":0,"parent":31,"menu_order":0,"comment_status":"closed","ping_status":"closed","template":"","meta":{"_monsterinsights_skip_tracking":false,"_monsterinsights_sitenote_active":false,"_monsterinsights_sitenote_note":"","_monsterinsights_sitenote_category":0,"spay_email":"","footnotes":""},"class_list":["post-116","page","type-page","status-publish","hentry"],"_links":{"self":[{"href":"https:\/\/localelections.eu\/index.php?rest_route=\/wp\/v2\/pages\/116","targetHints":{"allow":["GET"]}}],"collection":[{"href":"https:\/\/localelections.eu\/index.php?rest_route=\/wp\/v2\/pages"}],"about":[{"href":"https:\/\/localelections.eu\/index.php?rest_route=\/wp\/v2\/types\/page"}],"author":[{"embeddable":true,"href":"https:\/\/localelections.eu\/index.php?rest_route=\/wp\/v2\/users\/1"}],"replies":[{"embeddable":true,"href":"https:\/\/localelections.eu\/index.php?rest_route=%2Fwp%2Fv2%2Fcomments&post=116"}],"version-history":[{"count":3,"href":"https:\/\/localelections.eu\/index.php?rest_route=\/wp\/v2\/pages\/116\/revisions"}],"predecessor-version":[{"id":263,"href":"https:\/\/localelections.eu\/index.php?rest_route=\/wp\/v2\/pages\/116\/revisions\/263"}],"up":[{"embeddable":true,"href":"https:\/\/localelections.eu\/index.php?rest_route=\/wp\/v2\/pages\/31"}],"wp:attachment":[{"href":"https:\/\/localelections.eu\/index.php?rest_route=%2Fwp%2Fv2%2Fmedia&parent=116"}],"curies":[{"name":"wp","href":"https:\/\/api.w.org\/{rel}","templated":true}]}}