{"id":114,"date":"2022-01-06T13:53:04","date_gmt":"2022-01-06T13:53:04","guid":{"rendered":"https:\/\/localelections.eu\/?page_id=114"},"modified":"2022-01-28T08:40:43","modified_gmt":"2022-01-28T08:40:43","slug":"bulgaria","status":"publish","type":"page","link":"https:\/\/localelections.eu\/?page_id=114","title":{"rendered":"Bulgaria"},"content":{"rendered":"\n<p class=\"has-accent-color has-text-color\">Kalcheva, D., &amp; Ushatova, D. (2022). Bulgaria: More open local electoral rules. In A. Gend\u017awi\u0142\u0142, U. Kjaer, &amp; K. Steyvers (Eds.), The Routledge Handbook of Local Elections and Voting in Europe (pp. 387-395). London: Routledge.<\/p>\n\n\n\n<ul class=\"wp-block-list\"><li>Region: Southeastern Europe<\/li><li>Local elections:<ul><li>13.10.1991<\/li><li>29.10.1995<\/li><li>16.10.1999<\/li><li>26.10.2003<\/li><li>28.10.2007<\/li><li>23.10.2011<\/li><li>25.10.2015<\/li><li>27.10.2019<\/li><\/ul><\/li><li><a href=\"https:\/\/www.lex.bg\/laws\/ldoc\/2136112596\" title=\"Electoral code\">Electoral code<\/a><\/li><li>Electoral data:<ul><li><a href=\"https:\/\/results.cik.bg\/\" title=\"Central Electoral Commission\">Central Electoral Commission<\/a><\/li><\/ul><\/li><li>Country experts: <a href=\"mailto: d.kalcheva@gmail.com\" title=\"Desislava Kalcheva\">Desislava Kalcheva<\/a>, Daniela Ushatova<\/li><\/ul>\n","protected":false},"excerpt":{"rendered":"<p>Kalcheva, D., &amp; Ushatova, D. (2022). Bulgaria: More open local electoral rules. In A. Gend\u017awi\u0142\u0142, U. Kjaer, &amp; K. Steyvers (Eds.), The Routledge Handbook of Local Elections and Voting in Europe (pp. 387-395). London: Routledge. Region: Southeastern Europe Local elections: 13.10.1991 29.10.1995 16.10.1999 26.10.2003 28.10.2007 23.10.2011 25.10.2015 27.10.2019 Electoral code Electoral data: Central Electoral Commission [&hellip;]<\/p>\n","protected":false},"author":1,"featured_media":0,"parent":31,"menu_order":0,"comment_status":"closed","ping_status":"closed","template":"","meta":{"_monsterinsights_skip_tracking":false,"_monsterinsights_sitenote_active":false,"_monsterinsights_sitenote_note":"","_monsterinsights_sitenote_category":0,"spay_email":"","footnotes":""},"class_list":["post-114","page","type-page","status-publish","hentry"],"_links":{"self":[{"href":"https:\/\/localelections.eu\/index.php?rest_route=\/wp\/v2\/pages\/114","targetHints":{"allow":["GET"]}}],"collection":[{"href":"https:\/\/localelections.eu\/index.php?rest_route=\/wp\/v2\/pages"}],"about":[{"href":"https:\/\/localelections.eu\/index.php?rest_route=\/wp\/v2\/types\/page"}],"author":[{"embeddable":true,"href":"https:\/\/localelections.eu\/index.php?rest_route=\/wp\/v2\/users\/1"}],"replies":[{"embeddable":true,"href":"https:\/\/localelections.eu\/index.php?rest_route=%2Fwp%2Fv2%2Fcomments&post=114"}],"version-history":[{"count":3,"href":"https:\/\/localelections.eu\/index.php?rest_route=\/wp\/v2\/pages\/114\/revisions"}],"predecessor-version":[{"id":261,"href":"https:\/\/localelections.eu\/index.php?rest_route=\/wp\/v2\/pages\/114\/revisions\/261"}],"up":[{"embeddable":true,"href":"https:\/\/localelections.eu\/index.php?rest_route=\/wp\/v2\/pages\/31"}],"wp:attachment":[{"href":"https:\/\/localelections.eu\/index.php?rest_route=%2Fwp%2Fv2%2Fmedia&parent=114"}],"curies":[{"name":"wp","href":"https:\/\/api.w.org\/{rel}","templated":true}]}}