{"id":111,"date":"2022-01-06T13:52:34","date_gmt":"2022-01-06T13:52:34","guid":{"rendered":"https:\/\/localelections.eu\/?page_id=111"},"modified":"2022-01-28T10:49:55","modified_gmt":"2022-01-28T10:49:55","slug":"bosnia-herzegovina","status":"publish","type":"page","link":"https:\/\/localelections.eu\/?page_id=111","title":{"rendered":"Bosnia &#038; Herzegovina"},"content":{"rendered":"\n<p class=\"has-accent-color has-text-color\">Auerbach, K. (2022). Bosnia and Herzegovina: Local elections within a weak and contested state. In A. Gend\u017awi\u0142\u0142, U. Kjaer, &amp; K. Steyvers (Eds.), The Routledge Handbook of Local Elections and Voting in Europe (pp. 374-386). London: Routledge.<\/p>\n\n\n\n<ul class=\"wp-block-list\"><li>Region: Southeastern Europe<\/li><li>Local elections:<ul><li>13.09.1997<\/li><li>08.04.2000<\/li><li>02.10.2004<\/li><li>05.10.2008<\/li><li>07.10.2012<\/li><li>02.10.2016<\/li><\/ul><\/li><li>Electoral code:<ul><li><a href=\"http:\/\/www.izbori.ba\/Documents\/documents\/ZAKONI\/BiH_Election_Law_last_consolidated_version_2018.pdf\" title=\"Election Law\">Election Law<\/a><\/li><li><a href=\"http:\/\/www.izbori.ba\/Default.aspx?CategoryID=40&amp;Lang=3&amp;Tag=52\" title=\"Amendments\">Amendments<\/a><\/li><\/ul><\/li><li>Electoral data:<ul><li><a href=\"http:\/\/www.izbori.ba\/Default.aspx?CategoryID=48&amp;Lang=3&amp;Mod=0\" title=\"Central Election Commission\">Central Election Commission<\/a><\/li><\/ul><\/li><li>Country experts: <a href=\"mailto: Kiran.Auerbach@uib.no\" title=\"Kiran Auerbach\">Kiran Auerbach<\/a><\/li><\/ul>\n","protected":false},"excerpt":{"rendered":"<p>Auerbach, K. (2022). Bosnia and Herzegovina: Local elections within a weak and contested state. In A. Gend\u017awi\u0142\u0142, U. Kjaer, &amp; K. Steyvers (Eds.), The Routledge Handbook of Local Elections and Voting in Europe (pp. 374-386). London: Routledge. Region: Southeastern Europe Local elections: 13.09.1997 08.04.2000 02.10.2004 05.10.2008 07.10.2012 02.10.2016 Electoral code: Election Law Amendments Electoral data: [&hellip;]<\/p>\n","protected":false},"author":1,"featured_media":0,"parent":31,"menu_order":0,"comment_status":"closed","ping_status":"closed","template":"","meta":{"_monsterinsights_skip_tracking":false,"_monsterinsights_sitenote_active":false,"_monsterinsights_sitenote_note":"","_monsterinsights_sitenote_category":0,"spay_email":"","footnotes":""},"class_list":["post-111","page","type-page","status-publish","hentry"],"_links":{"self":[{"href":"https:\/\/localelections.eu\/index.php?rest_route=\/wp\/v2\/pages\/111","targetHints":{"allow":["GET"]}}],"collection":[{"href":"https:\/\/localelections.eu\/index.php?rest_route=\/wp\/v2\/pages"}],"about":[{"href":"https:\/\/localelections.eu\/index.php?rest_route=\/wp\/v2\/types\/page"}],"author":[{"embeddable":true,"href":"https:\/\/localelections.eu\/index.php?rest_route=\/wp\/v2\/users\/1"}],"replies":[{"embeddable":true,"href":"https:\/\/localelections.eu\/index.php?rest_route=%2Fwp%2Fv2%2Fcomments&post=111"}],"version-history":[{"count":3,"href":"https:\/\/localelections.eu\/index.php?rest_route=\/wp\/v2\/pages\/111\/revisions"}],"predecessor-version":[{"id":266,"href":"https:\/\/localelections.eu\/index.php?rest_route=\/wp\/v2\/pages\/111\/revisions\/266"}],"up":[{"embeddable":true,"href":"https:\/\/localelections.eu\/index.php?rest_route=\/wp\/v2\/pages\/31"}],"wp:attachment":[{"href":"https:\/\/localelections.eu\/index.php?rest_route=%2Fwp%2Fv2%2Fmedia&parent=111"}],"curies":[{"name":"wp","href":"https:\/\/api.w.org\/{rel}","templated":true}]}}