{"id":109,"date":"2022-01-06T13:52:03","date_gmt":"2022-01-06T13:52:03","guid":{"rendered":"https:\/\/localelections.eu\/?page_id=109"},"modified":"2022-01-31T10:59:43","modified_gmt":"2022-01-31T10:59:43","slug":"belgium","status":"publish","type":"page","link":"https:\/\/localelections.eu\/?page_id=109","title":{"rendered":"Belgium"},"content":{"rendered":"\n<p class=\"has-accent-color has-text-color\">Steyvers, K. (2022). Belgium: Between national barometer and local atmosphere. In A. Gend\u017awi\u0142\u0142, U. Kjaer, &amp; K. Steyvers (Eds.), The Routledge Handbook of Local Elections and Voting in Europe (pp. 114-125). London: Routledge.<\/p>\n\n\n\n<ul class=\"wp-block-list\"><li>Region: The Rhinelandic States<\/li><li>Local elections:<ul><li>09.10.1994<\/li><li>08.10.2000<\/li><li>08.10.2006<\/li><li>14.10.2014<\/li><li>14.10.2018<\/li><\/ul><\/li><li>Electoral code<br><em>see below<\/em><\/li><li>Electoral data:<br><em>Official information regarding the local elections (including the regulatory framework and results) can be accessed through the websites of the respective regional governments responsible for their organization<\/em>:<ul><li><a href=\"https:\/\/www.vlaanderenkiest.be\" title=\"Flemish Region\">Flemish Region<\/a><\/li><li><a href=\"https:\/\/elections2018.wallonie.be\" title=\"Walloon Region\">Walloon Region<\/a><\/li><li><a href=\"https:\/\/elections2018.brussels\" title=\"Brussels Capital Region\">Brussels Capital Region<\/a><\/li><\/ul><\/li><li>Country expert: <a href=\"mailto: Kristof.Steyvers@ugent.be\" title=\"Kristof Steyvers\">Kristof Steyvers<\/a><\/li><\/ul>\n","protected":false},"excerpt":{"rendered":"<p>Steyvers, K. (2022). Belgium: Between national barometer and local atmosphere. In A. Gend\u017awi\u0142\u0142, U. Kjaer, &amp; K. Steyvers (Eds.), The Routledge Handbook of Local Elections and Voting in Europe (pp. 114-125). London: Routledge. Region: The Rhinelandic States Local elections: 09.10.1994 08.10.2000 08.10.2006 14.10.2014 14.10.2018 Electoral codesee below Electoral data:Official information regarding the local elections (including [&hellip;]<\/p>\n","protected":false},"author":1,"featured_media":0,"parent":31,"menu_order":0,"comment_status":"closed","ping_status":"closed","template":"","meta":{"_monsterinsights_skip_tracking":false,"_monsterinsights_sitenote_active":false,"_monsterinsights_sitenote_note":"","_monsterinsights_sitenote_category":0,"spay_email":"","footnotes":""},"class_list":["post-109","page","type-page","status-publish","hentry"],"_links":{"self":[{"href":"https:\/\/localelections.eu\/index.php?rest_route=\/wp\/v2\/pages\/109","targetHints":{"allow":["GET"]}}],"collection":[{"href":"https:\/\/localelections.eu\/index.php?rest_route=\/wp\/v2\/pages"}],"about":[{"href":"https:\/\/localelections.eu\/index.php?rest_route=\/wp\/v2\/types\/page"}],"author":[{"embeddable":true,"href":"https:\/\/localelections.eu\/index.php?rest_route=\/wp\/v2\/users\/1"}],"replies":[{"embeddable":true,"href":"https:\/\/localelections.eu\/index.php?rest_route=%2Fwp%2Fv2%2Fcomments&post=109"}],"version-history":[{"count":4,"href":"https:\/\/localelections.eu\/index.php?rest_route=\/wp\/v2\/pages\/109\/revisions"}],"predecessor-version":[{"id":308,"href":"https:\/\/localelections.eu\/index.php?rest_route=\/wp\/v2\/pages\/109\/revisions\/308"}],"up":[{"embeddable":true,"href":"https:\/\/localelections.eu\/index.php?rest_route=\/wp\/v2\/pages\/31"}],"wp:attachment":[{"href":"https:\/\/localelections.eu\/index.php?rest_route=%2Fwp%2Fv2%2Fmedia&parent=109"}],"curies":[{"name":"wp","href":"https:\/\/api.w.org\/{rel}","templated":true}]}}