{"id":107,"date":"2022-01-06T13:50:57","date_gmt":"2022-01-06T13:50:57","guid":{"rendered":"https:\/\/localelections.eu\/?page_id=107"},"modified":"2022-01-31T10:23:14","modified_gmt":"2022-01-31T10:23:14","slug":"austria","status":"publish","type":"page","link":"https:\/\/localelections.eu\/?page_id=107","title":{"rendered":"Austria"},"content":{"rendered":"\n<p class=\"has-accent-color has-text-color\">Umek, P. (2022). Austria: Strong participation across federal diversity. In A. Gend\u017awi\u0142\u0142, U. Kjaer, &amp; K. Steyvers (Eds.), The Routledge Handbook of Local Elections and Voting in Europe (pp. 97-113). London: Routledge.<\/p>\n\n\n\n<ul class=\"wp-block-list\"><li>Region: The Rhinelandic States<\/li><li>Local elections:<ul><li>Burgenland: 18.10.1992, 05.10.1997, 06.10.2002, 07.10.2007, 07.10.2012, 01.10.2017<\/li><li>Carinthia: 10.03.1991, 09.03.1997, 09.03.2003, 01.03.2009, 01.03.2015<\/li><li>Lower Austria: 25.03.1990, 19.03.1995, 02.04.2000, 06.03.2005, 14.03.2010, 25.01.2015<\/li><li>Salzburg: 06.11.1994, 07.03.1999, 07.03.2004, 01.03.2009, 09.03.2014<\/li><li>Styria: 25.03.1990, 26.03.1995, 19.03.2000, 13.05.2005, 21.03.2010, 22.03.2015, 28.06.2020<\/li><li>Tirol: 15.03.1992, 15.03.1998, 07.03.2004, 14.03.2010, 28.02.2016<\/li><li>Upper Austria: 06.10.1991, 05.10.1997, 28.09.2003, 27.09.2009, 27.09.2015<\/li><li>Vorarlberg: 01.04.1990, 02.04.1995, 02.04.2000, 30.04.2005, 14.03.2010, 15.03.2015<\/li><\/ul><\/li><li>Electoral code:<ul><li><a href=\"https:\/\/www.ris.bka.gv.at\/GeltendeFassung.wxe?Abfrage=LrBgld&amp;Gesetzesnummer=10000304\">Burgenland: Gemeindewahlordnung 1992<\/a><\/li><li><a href=\"https:\/\/www.ris.bka.gv.at\/GeltendeFassung.wxe?Abfrage=LrK&amp;Gesetzesnummer=20000047\">Carinthia: K\u00e4rntner Gemeinderats- und B\u00fcrgermeisterwahlordnung 2002<\/a><\/li><li><a href=\"https:\/\/www.ris.bka.gv.at\/GeltendeFassung.wxe?Abfrage=LrNO&amp;Gesetzesnummer=20000057\" title=\"Lower Austria: Nieder\u00f6sterreichische Gemeinderatswahlordnung 1994\">Lower Austria: Nieder\u00f6sterreichische Gemeinderatswahlordnung 1994<\/a><\/li><li><a href=\"https:\/\/www.ris.bka.gv.at\/GeltendeFassung.wxe?Abfrage=LrOO&amp;Gesetzesnummer=10000481\" title=\"Upper Austria: Ober\u00f6sterreichische Kommunalwahlordnung 1996\">Upper Austria: Ober\u00f6sterreichische Kommunalwahlordnung 1996<\/a><\/li><li><a href=\"https:\/\/www.ris.bka.gv.at\/GeltendeFassung.wxe?Abfrage=LrSbg&amp;Gesetzesnummer=10001108\">Salzburg: Salzburger Gemeindewahlordnung 1998<\/a><\/li><li><a href=\"https:\/\/www.ris.bka.gv.at\/GeltendeFassung.wxe?Abfrage=LrStmk&amp;Gesetzesnummer=20000769\">Styria: Gemeindewahlordnung 2009<\/a><\/li><li><a href=\"https:\/\/www.ris.bka.gv.at\/GeltendeFassung.wxe?Abfrage=LrT&amp;Gesetzesnummer=20000186\">Tirol: Tiroler Gemeindewahlordnung 1994<\/a><\/li><li><a href=\"https:\/\/www.ris.bka.gv.at\/GeltendeFassung.wxe?Abfrage=LrVbg&amp;Gesetzesnummer=20000075\">Vorarlberg: Gemeindewahlgesetz 1999<\/a><\/li><\/ul><\/li><li>Electoral data:<ul><li><a href=\"https:\/\/wahl.bgld.gv.at\/wahlen\/gr.nsf\/wahlergebnisse.xsp\" title=\"Burgenland\">Burgenland<\/a><\/li><li><a href=\"https:\/\/www.ktn.gv.at\/Land\/Wahlen\" title=\"Carinthia\">Carinthia<\/a><\/li><li><a href=\"https:\/\/www.noe.gv.at\/noe\/Wahlen\/NOE_Gemeinderatswahlen.html\" title=\"Lower Austria\">Lower Austria<\/a><\/li><li><a href=\"https:\/\/www.land-oberoesterreich.gv.at\/120642.htm\" title=\"Upper Austria\">Upper Austria<\/a><\/li><li><a href=\"https:\/\/www.salzburg.gv.at\/stat\/wahlen\/gvw\/index.html#dl\" title=\"Salzburg\">Salzburg<\/a><\/li><li><a href=\"https:\/\/www.verwaltung.steiermark.at\/cms\/beitrag\/11684059\/74837281\/\" title=\"Styria\">Styria<\/a><\/li><li><a href=\"https:\/\/wahlen.tirol.gv.at\/index.html\" title=\"Tirol\">Tirol<\/a><\/li><li><a href=\"https:\/\/apps.vorarlberg.at\/wahlen\/wahl\/GV\/GV_2020-09-13\" title=\"Vorarlberg\">Vorarlberg<\/a><\/li><\/ul><\/li><li>Country expert: <a href=\"mailto: philipp.umek@uibk.ac.at\" title=\"Philipp Umek\">Philipp Umek<\/a><\/li><\/ul>\n","protected":false},"excerpt":{"rendered":"<p>Umek, P. (2022). Austria: Strong participation across federal diversity. In A. Gend\u017awi\u0142\u0142, U. Kjaer, &amp; K. Steyvers (Eds.), The Routledge Handbook of Local Elections and Voting in Europe (pp. 97-113). London: Routledge. Region: The Rhinelandic States Local elections: Burgenland: 18.10.1992, 05.10.1997, 06.10.2002, 07.10.2007, 07.10.2012, 01.10.2017 Carinthia: 10.03.1991, 09.03.1997, 09.03.2003, 01.03.2009, 01.03.2015 Lower Austria: 25.03.1990, 19.03.1995, [&hellip;]<\/p>\n","protected":false},"author":1,"featured_media":0,"parent":31,"menu_order":0,"comment_status":"closed","ping_status":"closed","template":"","meta":{"_monsterinsights_skip_tracking":false,"_monsterinsights_sitenote_active":false,"_monsterinsights_sitenote_note":"","_monsterinsights_sitenote_category":0,"spay_email":"","footnotes":""},"class_list":["post-107","page","type-page","status-publish","hentry"],"_links":{"self":[{"href":"https:\/\/localelections.eu\/index.php?rest_route=\/wp\/v2\/pages\/107","targetHints":{"allow":["GET"]}}],"collection":[{"href":"https:\/\/localelections.eu\/index.php?rest_route=\/wp\/v2\/pages"}],"about":[{"href":"https:\/\/localelections.eu\/index.php?rest_route=\/wp\/v2\/types\/page"}],"author":[{"embeddable":true,"href":"https:\/\/localelections.eu\/index.php?rest_route=\/wp\/v2\/users\/1"}],"replies":[{"embeddable":true,"href":"https:\/\/localelections.eu\/index.php?rest_route=%2Fwp%2Fv2%2Fcomments&post=107"}],"version-history":[{"count":3,"href":"https:\/\/localelections.eu\/index.php?rest_route=\/wp\/v2\/pages\/107\/revisions"}],"predecessor-version":[{"id":302,"href":"https:\/\/localelections.eu\/index.php?rest_route=\/wp\/v2\/pages\/107\/revisions\/302"}],"up":[{"embeddable":true,"href":"https:\/\/localelections.eu\/index.php?rest_route=\/wp\/v2\/pages\/31"}],"wp:attachment":[{"href":"https:\/\/localelections.eu\/index.php?rest_route=%2Fwp%2Fv2%2Fmedia&parent=107"}],"curies":[{"name":"wp","href":"https:\/\/api.w.org\/{rel}","templated":true}]}}